{"id":112,"date":"2024-07-26T14:43:18","date_gmt":"2024-07-26T14:43:18","guid":{"rendered":"https:\/\/oxy.ca\/?page_id=112"},"modified":"2024-08-22T13:55:41","modified_gmt":"2024-08-22T13:55:41","slug":"contact-us","status":"publish","type":"page","link":"https:\/\/oxy.ca\/fr\/contact-us\/","title":{"rendered":""},"content":{"rendered":"<div class=\"vce-row-container\" data-vce-boxed-width=\"true\"><div class=\"vce-row vce-row--has-col-background vce-row--col-gap-30 vce-row-equal-height vce-row-content--middle\" id=\"el-95af4b9c\" data-vce-do-apply=\"all el-95af4b9c\"><div class=\"vce-content-background-container\"><\/div><div class=\"vce-row-content\" data-vce-element-content=\"true\"><div class=\"vce-col vce-element--has-background vce-col--md-auto vce-col--xs-1 vce-col--xs-last vce-col--xs-first vce-col--sm-last vce-col--sm-first vce-col--md-first vce-col--lg-first vce-col--xl-first rounded\" id=\"el-bf7950bd\"><div class=\"vce-col-inner\" data-vce-do-apply=\"border margin background  el-bf7950bd\"><div class=\"vce-content-background-container\"><div class=\"vce-asset-background-simple-container vce-visible-all-only vce-asset-background-simple--style-cover vce-asset-background-simple--position-center-top\"><div class=\"vce-asset-background-simple\">\n              <div class=\"vce-asset-background-simple-item vcv-lozad\" data-background-image=\"https:\/\/oxy.ca\/wp-content\/uploads\/2024\/08\/ContactUs_Header.jpg\"><\/div>\n              <noscript>\n                <div class=\"vce-asset-background-simple-item\" style=\"background-image: url(https:\/\/oxy.ca\/wp-content\/uploads\/2024\/08\/ContactUs_Header.jpg)\"><\/div>\n              <\/noscript>\n            <\/div><\/div><\/div><div class=\"vce-col-content\" data-vce-element-content=\"true\" data-vce-do-apply=\"padding el-bf7950bd\"><div class=\"vce-empty-space-container\" id=\"el-cfb53501\" data-vce-do-apply=\"margin el-cfb53501\" style=\"--heightxs: 400px; --heightsm: 400px; --heightmd: 400px; --heightlg: 400px; --heightxl: 400px;\"><div class=\"vce vce-empty-space\" data-vce-do-apply=\"border padding background  el-cfb53501\"><\/div><\/div><\/div><\/div><\/div><div class=\"vce-col vce-element--has-background vce-col--md-auto vce-col--xs-1 vce-col--xs-last vce-col--xs-first vce-col--sm-last vce-col--sm-first vce-col--md-last vce-col--lg-last vce-col--xl-last lght rounded\" id=\"el-25e43427\"><div class=\"vce-col-inner\" data-vce-do-apply=\"border margin background  el-25e43427\"><div class=\"vce-content-background-container\"><\/div><div class=\"vce-col-content\" data-vce-element-content=\"true\" data-vce-do-apply=\"padding el-25e43427\"><div class=\"vce-text-block\"><div class=\"vce-text-block-wrapper vce\" id=\"el-bd0d112f\" data-vce-do-apply=\"all el-bd0d112f\"><h2 class=\"neon\" style=\"text-align: left;\">Rester en contact<\/h2><p style=\"text-align: left;\">Nous vous remercions de l\u2019int\u00e9r\u00eat que vous portez \u00e0 Oxy<sup>MD<\/sup> Acne Care, qui fait partie de la famille de marques The Mentholatum Company. Votre commentaire est tr\u00e8s important pour nous.  The Mentholatum Company fera de son mieux pour r\u00e9pondre \u00e0 votre demande dans les plus brefs d\u00e9lais.<\/p><\/div><\/div><div class=\"vce-text-block\"><div class=\"vce-text-block-wrapper vce\" id=\"el-9ecdcefb\" data-vce-do-apply=\"all el-9ecdcefb\"><h4>ADRESSE POSTALE<\/h4><p>\u00c0 l\u2019attention de : Service \u00e0 la client\u00e8le<br>The Mentholatum Company<br>110 Hannover Drive, Unit 205B<br>St. Catharines, ON L2W1A4<\/p><\/div><\/div><div class=\"vce-row-container\" data-vce-boxed-width=\"true\"><div class=\"vce-row vce-row--col-gap-30 vce-row-equal-height vce-row-content--top\" id=\"el-840aaa01\" data-vce-do-apply=\"all el-840aaa01\"><div class=\"vce-content-background-container\"><\/div><div class=\"vce-row-content\" data-vce-element-content=\"true\"><div class=\"vce-col vce-col--md-100-px vce-col--xs-1 vce-col--xs-last vce-col--xs-first vce-col--sm-last vce-col--sm-first vce-col--md-first vce-col--lg-first vce-col--xl-first\" id=\"el-24802467\"><div class=\"vce-col-inner\" data-vce-do-apply=\"border margin background  el-24802467\"><div class=\"vce-col-content\" data-vce-element-content=\"true\" data-vce-do-apply=\"padding el-24802467\"><div class=\"vce-text-block\"><div class=\"vce-text-block-wrapper vce\" id=\"el-cd717bcd\" data-vce-do-apply=\"all el-cd717bcd\"><h4>T\u00c9L\u00c9PHONE<\/h4><\/div><\/div><\/div><\/div><\/div><div class=\"vce-col vce-col--md-auto vce-col--xs-1 vce-col--xs-last vce-col--xs-first vce-col--sm-last vce-col--sm-first vce-col--md-last vce-col--lg-last vce-col--xl-last\" id=\"el-be77e7f9\"><div class=\"vce-col-inner\" data-vce-do-apply=\"border margin background  el-be77e7f9\"><div class=\"vce-col-content\" data-vce-element-content=\"true\" data-vce-do-apply=\"padding el-be77e7f9\"><div class=\"vce-text-block\"><div class=\"vce-text-block-wrapper vce\" id=\"el-726624f2\" data-vce-do-apply=\"all el-726624f2\"><p>1-800-663-7246<\/p><\/div><\/div><\/div><\/div><\/div><\/div><\/div><\/div><\/div><\/div><\/div><\/div><\/div><\/div><div class=\"vce-row-container\"><div class=\"vce-row vce-element--has-background vce-row--col-gap-40 vce-row-equal-height vce-row-content--top\" data-vce-full-width=\"true\" id=\"el-edd64111\" data-vce-do-apply=\"all el-edd64111\"><div class=\"vce-content-background-container\"><\/div><div class=\"vce-row-content\" data-vce-element-content=\"true\"><div class=\"vce-col vce-col--xs-100p vce-col--xs-visible vce-col--xs-last vce-col--xs-first vce-col--sm-100p vce-col--sm-visible vce-col--sm-last vce-col--sm-first vce-col--md-100p vce-col--md-visible vce-col--md-last vce-col--md-first vce-col--lg-auto vce-col--lg-visible vce-col--lg-first vce-col--xl-auto vce-col--xl-visible vce-col--xl-first\" id=\"el-1b4bd3e1\"><div class=\"vce-col-inner\" data-vce-do-apply=\"border margin background  el-1b4bd3e1\"><div class=\"vce-col-content\" data-vce-element-content=\"true\" data-vce-do-apply=\"padding el-1b4bd3e1\"><div class=\"vce-text-block\"><div class=\"vce-text-block-wrapper vce\" id=\"el-77c2c9fb\" data-vce-do-apply=\"all el-77c2c9fb\"><h2>Rejoignez notre communaut\u00e9 Oxy<sup>MD<\/sup> Acne\u00a0Care<\/h2>\n<p>Rejoignez-nous sur <a href=\"https:\/\/www.instagram.com\/oxycanada\" target=\"_blank\" rel=\"noopener\">Instagram<\/a> ou <a href=\"https:\/\/www.tiktok.com\/@oxycanada\" target=\"_blank\" rel=\"noopener\">TikTok<\/a>&nbsp;to learn more tips and tricks for your journey to clear skin.<\/p><\/div><\/div><div class=\"vce-single-image-container rounded ig-img vce-single-image--align-left\"><div class=\"vce vce-single-image-wrapper\" id=\"el-5772c016\" data-vce-do-apply=\"all el-5772c016\"><figure><div class=\"vce-single-image-figure-inner\" style=\"width: 822px;\"><a href=\"https:\/\/www.instagram.com\/p\/C8H7LbwO4BH\/\" title=\"\" target=\"_blank\" class=\"vce-single-image-inner vce-single-image--absolute\" style=\"width: 100%; padding-bottom: 100%;\" rel=\"noopener\"><img decoding=\"async\" class=\"vce-single-image lazyload\" data-src=\"https:\/\/oxy.ca\/wp-content\/uploads\/2024\/07\/IMG_0606.png\" data-img-data-src=\"https:\/\/oxy.ca\/wp-content\/uploads\/2024\/07\/IMG_0606.png\" data-attachment-id=\"22\" alt=\"\" title=\"IMG_0606\" src=\"data:image\/gif;base64,R0lGODlhAQABAAAAACH5BAEKAAEALAAAAAABAAEAAAICTAEAOw==\" style=\"--smush-placeholder-width: 822px; --smush-placeholder-aspect-ratio: 822\/822;\"><noscript><img decoding=\"async\" class=\"vce-single-image\" src=\"https:\/\/oxy.ca\/wp-content\/uploads\/2024\/07\/IMG_0606.png\" data-img-src=\"https:\/\/oxy.ca\/wp-content\/uploads\/2024\/07\/IMG_0606.png\" data-attachment-id=\"22\" alt=\"\" title=\"IMG_0606\"><\/noscript><\/a><\/div><figcaption hidden=\"\"><\/figcaption><\/figure><\/div><\/div><\/div><\/div><\/div><div class=\"vce-col vce-col--xs-100p vce-col--xs-visible vce-col--xs-last vce-col--xs-first vce-col--sm-100p vce-col--sm-visible vce-col--sm-last vce-col--sm-first vce-col--md-100p vce-col--md-visible vce-col--md-last vce-col--md-first vce-col--lg-auto vce-col--lg-visible vce-col--lg-last vce-col--xl-auto vce-col--xl-visible vce-col--xl-last\" id=\"el-431337db\"><div class=\"vce-col-inner\" data-vce-do-apply=\"border margin background  el-431337db\"><div class=\"vce-col-content\" data-vce-element-content=\"true\" data-vce-do-apply=\"padding el-431337db\"><div class=\"vce-text-block\"><div class=\"vce-text-block-wrapper vce\" id=\"el-cb2c2ff8\" data-vce-do-apply=\"all el-cb2c2ff8\"><h2>Rejoignez notre communaut\u00e9 Oxy<sup>MD<\/sup> Acne\u00a0Care<\/h2>\n<p>Rejoignez-nous sur <a href=\"https:\/\/www.instagram.com\/oxycanada\" target=\"_blank\" rel=\"noopener\">Instagram<\/a> ou&nbsp;<span style=\"box-sizing: border-box; margin: 0px; padding: 0px;\"><a href=\"https:\/\/www.tiktok.com\/@oxycanada\" target=\"_blank\" rel=\"noopener\">TikTok&nbsp;<\/a>pour<\/span>&nbsp;obtenir plus de conseils et d\u2019astuces dans votre qu\u00eate d\u2019une peau plus nette.<\/p><\/div><\/div><div class=\"vce-row-container\" data-vce-boxed-width=\"true\"><div class=\"vce-row vce-row--col-gap-40 vce-row-equal-height vce-row-content--top\" id=\"el-168820bc\" data-vce-do-apply=\"all el-168820bc\"><div class=\"vce-row-content\" data-vce-element-content=\"true\"><div class=\"vce-col vce-col--xs-auto vce-col--all-first rounded\" id=\"el-22c35ab1\"><div class=\"vce-col-inner\" data-vce-do-apply=\"border margin background  el-22c35ab1\"><div class=\"vce-col-content\" data-vce-element-content=\"true\" data-vce-do-apply=\"padding el-22c35ab1\"><div class=\"vce-raw-html rounded tt-img\"><div class=\"vce-raw-html-wrapper\" id=\"el-1b10ccf6\" data-vce-do-apply=\"all el-1b10ccf6\"><a href=\"https:\/\/www.tiktok.com\/@oxycanada\/video\/7403091338842918149\" target=\"_blank\" rel=\"noopener\"><img decoding=\"async\" data-src=\"https:\/\/oxy.ca\/wp-content\/uploads\/2024\/08\/Download.gif\" src=\"data:image\/gif;base64,R0lGODlhAQABAAAAACH5BAEKAAEALAAAAAABAAEAAAICTAEAOw==\" class=\"lazyload\" style=\"--smush-placeholder-width: 294px; --smush-placeholder-aspect-ratio: 294\/464;\"><noscript><img decoding=\"async\" src=\"https:\/\/oxy.ca\/wp-content\/uploads\/2024\/08\/Download.gif\"><\/noscript><\/a><\/div><\/div><\/div><\/div><\/div><div class=\"vce-col vce-col--xs-auto vce-col--all-last rounded\" id=\"el-faafce21\"><div class=\"vce-col-inner\" data-vce-do-apply=\"border margin background  el-faafce21\"><div class=\"vce-col-content\" data-vce-element-content=\"true\" data-vce-do-apply=\"padding el-faafce21\"><div class=\"vce-raw-html rounded ig-img\"><div class=\"vce-raw-html-wrapper\" id=\"el-6b017006\" data-vce-do-apply=\"all el-6b017006\"><a href=\"\/fr\/www.instagram.com\/reel\/ConeF8WMDss\/\" target=\"_blank\" rel=\"noopener\"><img decoding=\"async\" data-src=\"https:\/\/oxy.ca\/wp-content\/uploads\/2024\/08\/2473C4E1856B6.gif\" src=\"data:image\/gif;base64,R0lGODlhAQABAAAAACH5BAEKAAEALAAAAAABAAEAAAICTAEAOw==\" class=\"lazyload\" style=\"--smush-placeholder-width: 394px; --smush-placeholder-aspect-ratio: 394\/621;\"><noscript><img decoding=\"async\" src=\"https:\/\/oxy.ca\/wp-content\/uploads\/2024\/08\/2473C4E1856B6.gif\"><\/noscript><\/a><\/div><\/div><\/div><\/div><\/div><\/div><\/div><\/div><\/div><\/div><\/div><\/div><\/div><\/div>","protected":false},"excerpt":{"rendered":"<p>Get in TouchThank you for your interest in Oxy\u00ae Acne Care, a part of The Mentholatum Company family of brands. Your feedback is very important to us. The Mentholatum Company will do its best to respond to your inquiry as quickly as possible.MAILING ADDRESSAtt: Customer ServiceThe Mentholatum Company110 Hannover Drive, Unit 205BSt. Catharines, ON L2W1A4PHONE1-800-663-7246Join [&hellip;]<\/p>","protected":false},"author":2,"featured_media":0,"parent":0,"menu_order":0,"comment_status":"closed","ping_status":"closed","template":"","meta":{"_acf_changed":false,"footnotes":""},"class_list":["post-112","page","type-page","status-publish","hentry"],"acf":[],"_links":{"self":[{"href":"https:\/\/oxy.ca\/fr\/wp-json\/wp\/v2\/pages\/112","targetHints":{"allow":["GET"]}}],"collection":[{"href":"https:\/\/oxy.ca\/fr\/wp-json\/wp\/v2\/pages"}],"about":[{"href":"https:\/\/oxy.ca\/fr\/wp-json\/wp\/v2\/types\/page"}],"author":[{"embeddable":true,"href":"https:\/\/oxy.ca\/fr\/wp-json\/wp\/v2\/users\/2"}],"replies":[{"embeddable":true,"href":"https:\/\/oxy.ca\/fr\/wp-json\/wp\/v2\/comments?post=112"}],"version-history":[{"count":0,"href":"https:\/\/oxy.ca\/fr\/wp-json\/wp\/v2\/pages\/112\/revisions"}],"wp:attachment":[{"href":"https:\/\/oxy.ca\/fr\/wp-json\/wp\/v2\/media?parent=112"}],"curies":[{"name":"wp","href":"https:\/\/api.w.org\/{rel}","templated":true}]}}