{"id":88,"date":"2024-07-25T20:48:52","date_gmt":"2024-07-25T20:48:52","guid":{"rendered":"https:\/\/oxy.ca\/?page_id=88"},"modified":"2024-08-19T20:28:22","modified_gmt":"2024-08-19T20:28:22","slug":"disclaimer","status":"publish","type":"page","link":"https:\/\/oxy.ca\/fr\/disclaimer\/","title":{"rendered":""},"content":{"rendered":"<div class=\"vce-row-container\" data-vce-boxed-width=\"true\"><div class=\"vce-row vce-row--col-gap-30 vce-row-equal-height vce-row-content--top\" id=\"el-d9442c6e\" data-vce-do-apply=\"all el-d9442c6e\"><div class=\"vce-content-background-container\"><\/div><div class=\"vce-row-content\" data-vce-element-content=\"true\"><div class=\"vce-col vce-col--md-16-66p vce-col--xs-1 vce-col--xs-last vce-col--xs-first vce-col--sm-last vce-col--sm-first vce-col--md-first vce-col--lg-first vce-col--xl-first\" id=\"el-6fe79958\"><div class=\"vce-col-inner\" data-vce-do-apply=\"border margin background  el-6fe79958\"><div class=\"vce-col-content\" data-vce-element-content=\"true\" data-vce-do-apply=\"padding el-6fe79958\"><div class=\"vcv-row-control-wrapper\"><\/div><\/div><\/div><\/div><div class=\"vce-col vce-col--md-66-66p vce-col--xs-1 vce-col--xs-last vce-col--xs-first vce-col--sm-last vce-col--sm-first\" id=\"el-95d221f5\"><div class=\"vce-col-inner\" data-vce-do-apply=\"border margin background  el-95d221f5\"><div class=\"vce-col-content\" data-vce-element-content=\"true\" data-vce-do-apply=\"padding el-95d221f5\"><div class=\"vce-text-block\"><div class=\"vce-text-block-wrapper vce\" id=\"el-b41f8b69\" data-vce-do-apply=\"all el-b41f8b69\"><h2>AVERTISSEMENT<\/h2>\n<p>The Mentholatum Company of Canada, Ltd. (Mentholatum) offre ce site Web en tant que service \u00e0 la communaut\u00e9 Internet. Mentholatum ne fait aucune all\u00e9gation de conseils de sant\u00e9 avec ce contenu, qui est fourni \u00e0 des fins \u00e9ducatives uniquement. Ces informations ne visent pas \u00e0 remplacer les conseils et les soins des m\u00e9decins et des prestataires de soins de sant\u00e9.<\/p>\n<p>Le contenu inte\u0301gral du site Web www.oxy.ca est prote\u0301ge\u0301 par le droit d\u2019auteur et ne peut en aucun cas e\u0302tre distribue\u0301, re\u0301utilise\u0301, te\u0301le\u0301charge\u0301, modifie\u0301 ou reproduit sans l\u2019autorisation e\u0301crite expresse de The Mentholatum Company of Canada, Ltd.<\/p>\n<p>Tous les utilisateurs conviennent que l\u2019utilisation de ces informations se fait a\u0300 leurs propres risques. Mentholatum ne peut e\u0302tre tenu responsable de tout dommage direct ou indirect de\u0301coulant de l\u2019utilisation, de la disponibilite\u0301 ou de la non-disponibilite\u0301 du site www.oxy.ca et n\u2019est aucunement responsable de toute erreur ou omission dans son contenu. Lisez et suivez toujours les instructions de l\u2019e\u0301tiquette avant d\u2019utiliser nos produits.<\/p>\n<p>Ce site Web peut afficher des liens vers d\u2019autres sites Web n\u2019appartenant pas a\u0300\nThe Mentholatum Company of Canada, Ltd. Mentholatum n\u2019est pas responsable du contenu de ces sites externes.<\/p>\n<p>Tous les noms de produits associe\u0301s a\u0300 Mentholatum, qu\u2019ils soient accompagne\u0301s ou nom du symbole de marque de commerce, sont des marques de commerce de\nThe Mentholatum Company of Canada Ltd., de ses socie\u0301te\u0301s affilie\u0301es, de ses conce\u0301dants de licences, de ses socie\u0301te\u0301s associe\u0301es ou de ses partenaires en coentreprises. Toute utilisation de ces marques de commerce ou de tout autre document, sauf de la fac\u0327on autorise\u0301e aux pre\u0301sentes, est expresse\u0301ment interdite et peut contrevenir a\u0300 la loi sur le droit d\u2019auteur, au droit des marques de commerce, a\u0300 la loi sur la diffamation, a\u0300 la loi sur la protection de la vie prive\u0301e et sur la publicite\u0301 ainsi qu\u2019aux re\u0300glements et aux lois re\u0301gissant les communications.<\/p>\n<p>Les produits et les renseignements sur les produits pre\u0301sente\u0301s sur ce site concernent uniquement la distribution au Canada.<\/p><\/div><\/div><\/div><\/div><\/div><div class=\"vce-col vce-col--md-16-66p vce-col--xs-1 vce-col--xs-last vce-col--xs-first vce-col--sm-last vce-col--sm-first vce-col--md-last vce-col--lg-last vce-col--xl-last\" id=\"el-0fbc07de\"><div class=\"vce-col-inner\" data-vce-do-apply=\"border margin background  el-0fbc07de\"><div class=\"vce-col-content\" data-vce-element-content=\"true\" data-vce-do-apply=\"padding el-0fbc07de\"><div class=\"vcv-row-control-wrapper\"><\/div><\/div><\/div><\/div><\/div><\/div><\/div>","protected":false},"excerpt":{"rendered":"<p>Disclaimer The Mentholatum Company of Canada, Ltd. (Mentholatum) offers this website as a service to the Internet community. Mentholatum does not make any health advice claims with this content, which is provided for educational purposes only. This information is not intended to replace the advice and care of physicians and health care providers. All contents [&hellip;]<\/p>","protected":false},"author":2,"featured_media":0,"parent":0,"menu_order":0,"comment_status":"closed","ping_status":"closed","template":"","meta":{"_acf_changed":false,"footnotes":""},"class_list":["post-88","page","type-page","status-publish","hentry"],"acf":[],"_links":{"self":[{"href":"https:\/\/oxy.ca\/fr\/wp-json\/wp\/v2\/pages\/88","targetHints":{"allow":["GET"]}}],"collection":[{"href":"https:\/\/oxy.ca\/fr\/wp-json\/wp\/v2\/pages"}],"about":[{"href":"https:\/\/oxy.ca\/fr\/wp-json\/wp\/v2\/types\/page"}],"author":[{"embeddable":true,"href":"https:\/\/oxy.ca\/fr\/wp-json\/wp\/v2\/users\/2"}],"replies":[{"embeddable":true,"href":"https:\/\/oxy.ca\/fr\/wp-json\/wp\/v2\/comments?post=88"}],"version-history":[{"count":0,"href":"https:\/\/oxy.ca\/fr\/wp-json\/wp\/v2\/pages\/88\/revisions"}],"wp:attachment":[{"href":"https:\/\/oxy.ca\/fr\/wp-json\/wp\/v2\/media?parent=88"}],"curies":[{"name":"wp","href":"https:\/\/api.w.org\/{rel}","templated":true}]}}