{"id":304,"date":"2025-07-17T22:59:36","date_gmt":"2025-07-17T22:59:36","guid":{"rendered":"https:\/\/oxy.ca\/?post_type=product&#038;p=304"},"modified":"2025-11-10T20:42:41","modified_gmt":"2025-11-10T20:42:41","slug":"invisible-pimple-patches","status":"publish","type":"product","link":"https:\/\/oxy.ca\/fr\/product\/invisible-pimple-patches\/","title":{"rendered":"Say Goodbye to Unwanted Pimples \u2013 Oxy\u00ae Invisible Pimple Patches"},"content":{"rendered":"<div class=\"vce-section\" data-vce-boxed-width=\"true\"><div class=\"vce-section-inner\" id=\"el-75090f24\" data-vce-do-apply=\"all el-75090f24\"><div class=\"vce-content-background-container\"><\/div><div data-vce-element-content=\"true\"><div class=\"vce-row-container\" data-vce-boxed-width=\"true\"><div class=\"vce-row vce-row--col-gap-30 prdct vce-row-equal-height vce-row-content--top\" id=\"el-2cbbdb15\" data-vce-do-apply=\"all el-2cbbdb15\"><div class=\"vce-content-background-container\"><\/div><div class=\"vce-row-content\" data-vce-element-content=\"true\"><div class=\"vce-col vce-col--md-auto vce-col--xs-1 vce-col--xs-last vce-col--xs-first vce-col--sm-last vce-col--sm-first vce-col--md-first vce-col--lg-first vce-col--xl-first\" id=\"el-57b9c9a8\"><div class=\"vce-col-inner\" data-vce-do-apply=\"border margin background  el-57b9c9a8\"><div class=\"vce-col-content\" data-vce-element-content=\"true\" data-vce-do-apply=\"padding el-57b9c9a8\"><div class=\"vce-shortcode sldshw\"><div class=\"vce-shortcode-wrapper vce\" id=\"el-a75bdc79\" data-vce-do-apply=\"all el-a75bdc79\"><script type=\"text\/javascript\">\r\ndocument.addEventListener(\"DOMContentLoaded\", function(event) { \r\n\tjQuery( '#slider-pro-3-308' ).sliderPro({\r\n\t\t\/\/width\r\n\t\t\t\twidth: \"100%\",\r\n\t\t\t\t\r\n\t\t\/\/height\r\n\t\t\t\tautoHeight: true,\r\n\t\t\t\t\r\n\t\t\/\/auto play\r\n\t\t\t\t\t\t\t\tautoplay:  false,\r\n\t\t\t\tautoplayDelay: 5000,\r\n\t\t\r\n\t\t\r\n\t\tarrows: true,\r\n\t\tbuttons: false,\r\n\t\tsmallSize: 500,\r\n\t\tmediumSize: 1000,\r\n\t\tlargeSize: 3000,\r\n\t\tfade: true,\r\n\t\t\r\n\t\t\/\/thumbnail\r\n\t\tthumbnailArrows: true,\r\n\t\tthumbnailWidth: 120,\r\n\t\tthumbnailHeight: 120,\r\n\t\t\t\t\t\tthumbnailsPosition: 'bottom',\r\n\t\t\t\t\t\tcenterImage: true,\r\n\t\timageScaleMode: 'contain',\r\n\t\tallowScaleUp: true,\r\n\t\t\t\tstartSlide: 0,\r\n\t\tloop: true,\r\n\t\tslideDistance: 5,\r\n\t\tautoplayDirection: 'normal',\r\n\t\ttouchSwipe: true,\r\n\t\tfullScreen: false,\r\n\t});\r\n});\r\n<\/script>\r\n<style>\r\n\/* Layout 3 *\/\r\n\/* border *\/\r\n#slider-pro-3-308 .sp-selected-thumbnail {\r\n\tborder: 4px solid #81d742;\r\n}\r\n\r\n\/* font + color *\/\r\n.title-in  {\r\n\tfont-family: Arial !important;\r\n\tcolor: #FFFFFF !important;\r\n\tbackground-color: #000000 !important;\r\n\topacity: 0.7 !important;\r\n}\r\n.desc-in  {\r\n\tfont-family: Arial !important;\r\n\tcolor: #FFFFFF !important;\r\n\tbackground-color: #00000 !important;\r\n\topacity: 0.7 !important;\r\n}\r\n\r\n\/* bullets color *\/\r\n.sp-button  {\r\n\tborder: 2px solid #000000 !important;\r\n}\r\n.sp-selected-button  {\r\n\tbackground-color: #000000 !important;\r\n}\r\n\r\n\/* pointer color - bottom *\/\r\n.sp-selected-thumbnail::before {\r\n\tborder-bottom: 5px solid #81d742 !important;\r\n}\r\n.sp-selected-thumbnail::after {\r\n\tborder-bottom: 13px solid #81d742 !important;\r\n}\r\n\r\n\/* pointer color - top *\/\r\n\r\n\/* full screen icon *\/\r\n.sp-full-screen-button::before {\r\n    color: #FFFFFF !important;\r\n}\r\n\r\n\/* hover navigation icon color *\/\r\n.sp-next-arrow::after, .sp-next-arrow::before {\r\n\tbackground-color: #FFFFFF !important;\r\n}\r\n.sp-previous-arrow::after, .sp-previous-arrow::before {\r\n\tbackground-color: #FFFFFF !important;\r\n}\r\n\r\n#slider-pro-3-308 .title-in {\r\n\tcolor: #FFFFFF !important;\r\n\tfont-weight: bolder;\r\n\ttext-align: center;\r\n}\r\n\r\n#slider-pro-3-308 .title-in-bg {\r\n\tbackground: rgba(255, 255, 255, 0.7); !important;\r\n\twhite-space: unset !important;\r\n\tmax-width: 90%;\r\n\tmin-width: 40%;\r\n\ttransform: initial !important;\r\n\t-webkit-transform: initial !important;\r\n\tfont-size: 14px !important;\r\n}\r\n\r\n#slider-pro-3-308 .desc-in {\r\n\tcolor: #FFFFFF !important;\r\n\ttext-align: center;\r\n}\r\n#slider-pro-3-308 .desc-in-bg {\r\n\tbackground: rgba(#00000, 0.7) !important;\r\n\twhite-space: unset !important;\r\n\twidth: 80% !important;\r\n\tmin-width: 30%;\r\n\ttransform: initial !important;\r\n\t-webkit-transform: initial !important;\r\n\tfont-size: 13px !important;\r\n}\r\n\r\n@media (max-width: 640px) {\r\n\t#slider-pro-3-308 .hide-small-screen {\r\n\t\tdisplay: none;\r\n\t}\r\n}\r\n\r\n@media (max-width: 860px) {\r\n\t#slider-pro-3-308 .sp-layer {\r\n\t\tfont-size: 18px;\r\n\t}\r\n\t\r\n\t#slider-pro-3-308 .hide-medium-screen {\r\n\t\tdisplay: none;\r\n\t}\r\n}\r\n.slides-not-found {\r\n\tbackground-color: #a92929;\r\n\tborder-radius: 5px;\r\n\tcolor: #fff;\r\n\tfont-family: initial;\r\n\ttext-align: center;\r\n\tpadding:12px;\r\n}\r\n\/* Custom CSS *\/\r\n<\/style>\r\n\t\t<div id=\"slider-pro-3-308\" class=\"slider-pro\">\r\n\t\t\t<!---- slides div start ---->\r\n\t\t\t<div class=\"sp-slides\">\r\n\t\t\t\t\t\t\t\t\t\t<div class=\"sp-slide\">\r\n\t\t\t\t\t\t\t<img class=\"sp-image\" loading=\"lazy\" alt=\"Pimple_Patches\" src=\"https:\/\/oxy.ca\/wp-content\/plugins\/ultimate-responsive-image-slider\/assets\/css\/images\/blank.gif\" data-src=\"https:\/\/oxy.ca\/wp-content\/uploads\/2025\/07\/Untitled-design-6.png\" \/>\r\n\r\n\t\t\t\t\t\t\t\r\n\t\t\t\t\t\t\t\t\t\t\t\t\t<\/div>\r\n\t\t\t\t\t\t\t\t\t\t\t\t<div class=\"sp-slide\">\r\n\t\t\t\t\t\t\t<img class=\"sp-image\" loading=\"lazy\" alt=\"Face_Application_Icons\" src=\"https:\/\/oxy.ca\/wp-content\/plugins\/ultimate-responsive-image-slider\/assets\/css\/images\/blank.gif\" data-src=\"https:\/\/oxy.ca\/wp-content\/uploads\/2025\/07\/057521260000_PT02-2.png\" \/>\r\n\r\n\t\t\t\t\t\t\t\r\n\t\t\t\t\t\t\t\t\t\t\t\t\t<\/div>\r\n\t\t\t\t\t\t\t\t\t\t\t\t<div class=\"sp-slide\">\r\n\t\t\t\t\t\t\t<img class=\"sp-image\" loading=\"lazy\" alt=\"Patches_Sizes\" src=\"https:\/\/oxy.ca\/wp-content\/plugins\/ultimate-responsive-image-slider\/assets\/css\/images\/blank.gif\" data-src=\"https:\/\/oxy.ca\/wp-content\/uploads\/2025\/07\/057521260000_PT04-2.png\" \/>\r\n\r\n\t\t\t\t\t\t\t\r\n\t\t\t\t\t\t\t\t\t\t\t\t\t<\/div>\r\n\t\t\t\t\t\t\t\t\t\t\t\t<div class=\"sp-slide\">\r\n\t\t\t\t\t\t\t<img class=\"sp-image\" loading=\"lazy\" alt=\"Hydrocolloid_Mechanism_of_action\" src=\"https:\/\/oxy.ca\/wp-content\/plugins\/ultimate-responsive-image-slider\/assets\/css\/images\/blank.gif\" data-src=\"https:\/\/oxy.ca\/wp-content\/uploads\/2025\/07\/057521260000_PT03-1.png\" \/>\r\n\r\n\t\t\t\t\t\t\t\r\n\t\t\t\t\t\t\t\t\t\t\t\t\t<\/div>\r\n\t\t\t\t\t\t\t\t\t\t\t\t<div class=\"sp-slide\">\r\n\t\t\t\t\t\t\t<img class=\"sp-image\" loading=\"lazy\" alt=\"How_to_Use\" src=\"https:\/\/oxy.ca\/wp-content\/plugins\/ultimate-responsive-image-slider\/assets\/css\/images\/blank.gif\" data-src=\"https:\/\/oxy.ca\/wp-content\/uploads\/2025\/07\/057521260000_PT05-1.png\" \/>\r\n\r\n\t\t\t\t\t\t\t\r\n\t\t\t\t\t\t\t\t\t\t\t\t\t<\/div>\r\n\t\t\t\t\t\t\t\t\t<\/div>\r\n\t\t\t\r\n\t\t\t<!---- slides div end ---->\r\n\t\t\t\t\t\t<!-- slides thumbnails div start -->\r\n\t\t\t<div class=\"sp-thumbnails\">\r\n\t\t\t\t\t\t\t\t\t\t<img class=\"sp-thumbnail\" loading=\"lazy\" src=\"https:\/\/oxy.ca\/wp-content\/plugins\/ultimate-responsive-image-slider\/assets\/img\/loading.gif\" data-src=\"https:\/\/oxy.ca\/wp-content\/uploads\/2025\/07\/Untitled-design-6-255x300.png\" alt=\"Pimple_Patches\"\/>\r\n\t\t\t\t\t\t\t\t\t\t\t<img class=\"sp-thumbnail\" loading=\"lazy\" src=\"https:\/\/oxy.ca\/wp-content\/plugins\/ultimate-responsive-image-slider\/assets\/img\/loading.gif\" data-src=\"https:\/\/oxy.ca\/wp-content\/uploads\/2025\/07\/057521260000_PT02-2-300x300.png\" alt=\"Face_Application_Icons\"\/>\r\n\t\t\t\t\t\t\t\t\t\t\t<img class=\"sp-thumbnail\" loading=\"lazy\" src=\"https:\/\/oxy.ca\/wp-content\/plugins\/ultimate-responsive-image-slider\/assets\/img\/loading.gif\" data-src=\"https:\/\/oxy.ca\/wp-content\/uploads\/2025\/07\/057521260000_PT04-2-300x300.png\" alt=\"Patches_Sizes\"\/>\r\n\t\t\t\t\t\t\t\t\t\t\t<img class=\"sp-thumbnail\" loading=\"lazy\" src=\"https:\/\/oxy.ca\/wp-content\/plugins\/ultimate-responsive-image-slider\/assets\/img\/loading.gif\" data-src=\"https:\/\/oxy.ca\/wp-content\/uploads\/2025\/07\/057521260000_PT03-1-300x300.png\" alt=\"Hydrocolloid_Mechanism_of_action\"\/>\r\n\t\t\t\t\t\t\t\t\t\t\t<img class=\"sp-thumbnail\" loading=\"lazy\" src=\"https:\/\/oxy.ca\/wp-content\/plugins\/ultimate-responsive-image-slider\/assets\/img\/loading.gif\" data-src=\"https:\/\/oxy.ca\/wp-content\/uploads\/2025\/07\/057521260000_PT05-1-300x300.png\" alt=\"How_to_Use\"\/>\r\n\t\t\t\t\t\t\t\t<\/div>\r\n\t\t\t\t\t\t<!-- slides thumbnails div end -->\r\n\t\t<\/div>\r\n<\/div><\/div><\/div><\/div><\/div><div class=\"vce-col vce-col--md-auto vce-col--xs-1 vce-col--xs-last vce-col--xs-first vce-col--sm-last vce-col--sm-first vce-col--md-last vce-col--lg-last vce-col--xl-last\" id=\"el-35008848\"><div class=\"vce-col-inner\" data-vce-do-apply=\"border margin background  el-35008848\"><div class=\"vce-col-content\" data-vce-element-content=\"true\" data-vce-do-apply=\"padding el-35008848\"><div class=\"vce-single-image-container vce-single-image--align-left\"><div class=\"vce vce-single-image-wrapper\" id=\"el-a28f6852\" data-vce-do-apply=\"all el-a28f6852\"><figure><div class=\"vce-single-image-figure-inner\" style=\"width: 60px;\"><div class=\"vce-single-image-inner vce-single-image--absolute\" style=\"width: 100%; padding-bottom: 100%;\"><img loading=\"lazy\" decoding=\"async\" class=\"vce-single-image lazyload\"  width=\"60\" height=\"60\" data-srcset=\"https:\/\/oxy.ca\/wp-content\/uploads\/2025\/07\/Untitled-design-7-320x317.png 320w, https:\/\/oxy.ca\/wp-content\/uploads\/2025\/07\/Untitled-design-7-480x475.png 480w, https:\/\/oxy.ca\/wp-content\/uploads\/2025\/11\/Untitled-design-7-800x800.png 800w\" data-src=\"https:\/\/oxy.ca\/wp-content\/uploads\/2025\/07\/Untitled-design-7.png\" data-img-data-src=\"https:\/\/oxy.ca\/wp-content\/uploads\/2025\/07\/Untitled-design-7.png\" data-attachment-id=\"316\"  alt=\"\" title=\"Untitled design (7)\" src=\"data:image\/gif;base64,R0lGODlhAQABAAAAACH5BAEKAAEALAAAAAABAAEAAAICTAEAOw==\" style=\"--smush-placeholder-width: 60px; --smush-placeholder-aspect-ratio: 60\/60;\" \/><noscript><img loading=\"lazy\" decoding=\"async\" class=\"vce-single-image\"  width=\"60\" height=\"60\" srcset=\"https:\/\/oxy.ca\/wp-content\/uploads\/2025\/07\/Untitled-design-7-320x317.png 320w, https:\/\/oxy.ca\/wp-content\/uploads\/2025\/07\/Untitled-design-7-480x475.png 480w, https:\/\/oxy.ca\/wp-content\/uploads\/2025\/11\/Untitled-design-7-800x800.png 800w\" src=\"https:\/\/oxy.ca\/wp-content\/uploads\/2025\/07\/Untitled-design-7.png\" data-img-src=\"https:\/\/oxy.ca\/wp-content\/uploads\/2025\/07\/Untitled-design-7.png\" data-attachment-id=\"316\"  alt=\"\" title=\"Untitled design (7)\" \/><\/noscript><\/div><\/div><figcaption hidden=\"\"><\/figcaption><\/figure><\/div><\/div><div class=\"vce-text-block\"><div class=\"vce-text-block-wrapper vce\" id=\"el-997f447f\" data-vce-do-apply=\"all el-997f447f\"><h1><span style=\"font-weight: bold; font-style: normal;\"><span style=\"background-color: #ffffff; color: #333333; font-family: inherit; font-size: 24pt;\">Dites adieu aux boutons ind\u00e9sirables<\/span>&nbsp;<\/span>\u2013 Oxy\u00ae <span style=\"font-weight: bold; font-style: normal;\"><span style=\"background-color: #ffffff; color: #333333; font-family: inherit; font-size: 24pt;\">Timbres Pour Boutons<\/span><\/span><\/h1>\n<p>OXY\u00ae Invisible Pimple Patches - This 26-count variety pack includes hydrocolloid patches in three different sizes, specially designed to handle pimples of all shapes and stages. Whether you're dealing with early-stage blemishes or full-blown breakouts, the patches help draw out pus and impurities while helping to mask pimples. <span class=\"a-list-item\"><span class=\"a-size-base\">Utilisez-les pendant votre journ\u00e9e de travail, en faisant des courses ou pendant votre sommeil \u2014 ces pansements sont con\u00e7us pour rester en place et faire leur travail sans causer d\u2019irritation.<\/span><\/span><\/p>\n<ul>\n<li><span class=\"a-list-item\"><span class=\"a-size-base\">Ultrafins, translucides et se fondent parfaitement \u00e0 toutes les carnations.<\/span><\/span><\/li>\n<li><span class=\"a-list-item\"><span class=\"a-size-base\">Comprend une pince de pr\u00e9cision pour une application facile et sans contact.<\/span><\/span><\/li>\n<li><span class=\"a-list-item\"><span class=\"a-size-base\">Convient \u00e0 tous les types de peau et assez doux pour les peaux sensibles.<\/span><\/span><\/li>\n<\/ul>\n<p>Vous pouvez vaquer \u00e0 vos occupations en toute confiance gr\u00e2ce \u00e0 une adh\u00e9rence longue dur\u00e9e qui maintient le pansement en place. OXY\u00ae Timbres Pour Boutons - sont un incontournable des soins de la peau, tant pour les adolescents que pour les adultes. Cessez de stresser \u00e0 cause des \u00e9ruptions et commencez \u00e0 gu\u00e9rir en toute confiance \u2014 un pansement invisible \u00e0 la fois.<\/p><\/div><\/div><div class=\"vce-row-container\" data-vce-boxed-width=\"true\"><div class=\"vce-row vce-row--col-gap-30 vce-row-equal-height vce-row-content--top\" id=\"el-7044d337\" data-vce-do-apply=\"all el-7044d337\"><div class=\"vce-content-background-container\"><\/div><div class=\"vce-row-content\" data-vce-element-content=\"true\"><div class=\"vce-col vce-col--xs-auto vce-col--all-first\" id=\"el-176516ff\"><div class=\"vce-col-inner\" data-vce-do-apply=\"border margin background  el-176516ff\"><div class=\"vce-col-content\" data-vce-element-content=\"true\" data-vce-do-apply=\"padding el-176516ff\"><div class=\"vce-button--style-basic-container amzn vce-button--style-basic-container--align-left\"><span class=\"vce-button--style-basic-wrapper vce vce-button--style-basic-wrapper--stretched\" id=\"el-900fc935\" data-vce-do-apply=\"margin el-900fc935\"><a class=\"vce-button vce-button--style-basic vce-button--style-basic--border-round vce-button--style-basic--size-medium vce-button--style-basic--color-b-127-255-0--b-0-0-0\" href=\"https:\/\/www.amazon.ca\/Invisible-Pimple-Patches-Acne-Count\/dp\/B0F8C13MJ5\" title=\"\" target=\"_blank\" data-vce-do-apply=\"padding border background  el-900fc935\">Acheter d\u00e8s maintenant<\/a><\/span><\/div><\/div><\/div><\/div><div class=\"vce-col vce-col--xs-auto vce-col--all-last\" id=\"el-10b484f5\"><div class=\"vce-col-inner\" data-vce-do-apply=\"border margin background  el-10b484f5\"><div class=\"vce-col-content\" data-vce-element-content=\"true\" data-vce-do-apply=\"padding el-10b484f5\"><div class=\"vce-button--style-outline-container vce-button--style-outline-container--align-center\"><span class=\"vce-button--style-outline-wrapper vce vce-button--style-outline-wrapper--stretched\" id=\"el-41ef9098\" data-vce-do-apply=\"margin el-41ef9098\"><a class=\"vce-button vce-button--style-outline-animated vce-button--style-outline--border-round vce-button--style-outline--size-medium vce-button--style-outline-animated--color-b-37-40-42--fff--3d3d3d vce-button--style-outline-animated--border-color-b-37-40-42--3d3d3d vce-button--style-outline-animated--background-color-b-37-40-42\" href=\"#vcv-popup-176\" data-vce-do-apply=\"padding border background  el-41ef9098\"><span class=\"vce-button--style-outline-text\">o\u00f9 acheter<\/span><\/a><\/span><\/div><\/div><\/div><\/div><\/div><\/div><\/div><div id=\"el-64908f27\" class=\"vce vce-faq-group-container vce-faq-group-fill-color--empty vce-faq-group-fill-hover-color--empty vce-faq-group-border-color--ba-0-0-0-0 vce-faq-group-border-hover-color--empty vce-faq-group-shape--square vce-faq-group-icon-color--b-37-40-42 vce-faq-group-icon-hover-color--empty vce-faq-group-title-color--b-37-40-42\" data-vce-do-apply=\"all el-64908f27\" data-vce-faq-group-auto-close=\"true\"><div class=\"vce-faq-group\" role=\"tablist\"><div class=\"vce-faq-group-item\"><div class=\"vce-faq-group-item-heading\" role=\"tab\" id=\"tab-64908f27-0\" aria-controls=\"panel-64908f27-0\" aria-expanded=\"false\" aria-selected=\"false\"><h3 class=\"vce-faq-group-item-heading-title\">Conseil rapide<\/h3><div class=\"vce-faq-group-item-icon\"><\/div><\/div><div class=\"vce-faq-group-item-content\" role=\"tabpanel\" id=\"panel-64908f27-0\" aria-labelledby=\"tab-64908f27-0\" aria-hidden=\"true\"><p>Pour usage externe seulement. Ne pas utiliser sur de l\u2019acn\u00e9 s\u00e9v\u00e8re, kystique ou infect\u00e9e. Cessez l\u2019utilisation et consultez un professionnel de la sant\u00e9 en cas de rougeur, de gonflement ou de r\u00e9action allergique. Garder hors de la port\u00e9e des enfants.<\/p><\/div><\/div><div class=\"vce-faq-group-item\"><div class=\"vce-faq-group-item-heading\" role=\"tab\" id=\"tab-64908f27-1\" aria-controls=\"panel-64908f27-1\" aria-expanded=\"false\" aria-selected=\"false\"><h3 class=\"vce-faq-group-item-heading-title\">Ingr\u00e9dients actifs<\/h3><div class=\"vce-faq-group-item-icon\"><\/div><\/div><div class=\"vce-faq-group-item-content\" role=\"tabpanel\" id=\"panel-64908f27-1\" aria-labelledby=\"tab-64908f27-1\" aria-hidden=\"true\"><p>Hydrocolloid Patches<\/p><\/div><\/div><\/div><\/div><\/div><\/div><\/div><\/div><\/div><\/div><div class=\"vce-row-container\" data-vce-boxed-width=\"true\"><div class=\"vce-row vce-row--col-gap-30 vce-row-equal-height vce-row-content--top\" id=\"el-95cc1366\" data-vce-do-apply=\"all el-95cc1366\"><div class=\"vce-row-content\" data-vce-element-content=\"true\"><div class=\"vce-col vce-col--md-66-66p vce-col--xs-1 vce-col--xs-last vce-col--xs-first vce-col--sm-last vce-col--sm-first vce-col--md-first vce-col--lg-first vce-col--xl-first\" id=\"el-fb4041f6\"><div class=\"vce-col-inner\" data-vce-do-apply=\"border margin background  el-fb4041f6\"><div class=\"vce-col-content\" data-vce-element-content=\"true\" data-vce-do-apply=\"padding el-fb4041f6\"><div class=\"vce-text-block\"><div class=\"vce-text-block-wrapper vce\" id=\"el-81edd81c\" data-vce-do-apply=\"all el-81edd81c\"><h2>Solution pour une peau simple et nette :<\/h2><\/div><\/div><\/div><\/div><\/div><div class=\"vce-col vce-col--md-33-34p vce-col--xs-1 vce-col--xs-last vce-col--xs-first vce-col--sm-last vce-col--sm-first vce-col--md-last vce-col--lg-last vce-col--xl-last\" id=\"el-b5278cf1\"><div class=\"vce-col-inner\" data-vce-do-apply=\"border margin background  el-b5278cf1\"><div class=\"vce-col-content\" data-vce-element-content=\"true\" data-vce-do-apply=\"padding el-b5278cf1\"><div class=\"vcv-row-control-wrapper\"><\/div><\/div><\/div><\/div><\/div><\/div><\/div><div class=\"vce-row-container\" data-vce-boxed-width=\"true\"><div class=\"vce-row vce-row--has-col-background vce-row--col-gap-30 vce-row-equal-height vce-row-content--top\" id=\"el-9f33ad71\" data-vce-do-apply=\"all el-9f33ad71\"><div class=\"vce-content-background-container\"><\/div><div class=\"vce-row-content\" data-vce-element-content=\"true\"><div class=\"vce-col vce-element--has-background vce-col--md-auto vce-col--xs-1 vce-col--xs-last vce-col--xs-first vce-col--sm-last vce-col--sm-first vce-col--md-first vce-col--lg-first vce-col--xl-first rounded lght steps\" id=\"el-9b30de61\"><div class=\"vce-col-inner\" data-vce-do-apply=\"border margin background  el-9b30de61\"><div class=\"vce-content-background-container\"><\/div><div class=\"vce-col-content\" data-vce-element-content=\"true\" data-vce-do-apply=\"padding el-9b30de61\"><div class=\"vce-text-block\"><div class=\"vce-text-block-wrapper vce\" id=\"el-b73dc2f6\" data-vce-do-apply=\"all el-b73dc2f6\"><h3><strong>Vous \u00eates press\u00e9(e)?<\/strong><\/h3><\/div><\/div><div class=\"vce-text-block\"><div class=\"vce-text-block-wrapper vce\" id=\"el-6af7d5d5\" data-vce-do-apply=\"all el-6af7d5d5\"><h2 class=\"neon\">Nettoyez et s\u00e9chez la peau. Utilisez une pince pour appliquer le pansement. Laissez en place pendant 6 \u00e0 8 heures.&nbsp;<\/h2>\n<p><em>Lisez et suivez toujours les indications pr\u00e9sentes sur les \u00e9tiquettes.<\/em><\/p><\/div><\/div><\/div><\/div><\/div><div class=\"vce-col vce-element--has-background vce-col--md-auto vce-col--xs-1 vce-col--xs-last vce-col--xs-first vce-col--sm-last vce-col--sm-first vce-col--md-last vce-col--lg-last vce-col--xl-last rounded\" id=\"el-df6dfc7d\"><div class=\"vce-col-inner\" data-vce-do-apply=\"border margin background  el-df6dfc7d\"><div class=\"vce-content-background-container\"><\/div><div class=\"vce-col-content\" data-vce-element-content=\"true\" data-vce-do-apply=\"padding el-df6dfc7d\"><div class=\"vce-text-block\"><div class=\"vce-text-block-wrapper vce\" id=\"el-836d97b4\" data-vce-do-apply=\"all el-836d97b4\"><h3>Vous avez plus de temps?<\/h3><\/div><\/div><div class=\"vce-row-container\" data-vce-boxed-width=\"true\"><div class=\"vce-row vce-row--col-gap-10 vce-row-equal-height vce-row-content--top\" id=\"el-0bd3fdde\" data-vce-do-apply=\"all el-0bd3fdde\"><div class=\"vce-row-content\" data-vce-element-content=\"true\"><div class=\"vce-col vce-col--xs-40-px vce-col--all-first\" id=\"el-2370a37c\"><div class=\"vce-col-inner\" data-vce-do-apply=\"border margin background  el-2370a37c\"><div class=\"vce-col-content\" data-vce-element-content=\"true\" data-vce-do-apply=\"padding el-2370a37c\"><div class=\"vce-text-block nmbr-lst\"><div class=\"vce-text-block-wrapper vce\" id=\"el-bd079723\" data-vce-do-apply=\"all el-bd079723\"><h5>1<\/h5><\/div><\/div><\/div><\/div><\/div><div class=\"vce-col vce-col--xs-auto vce-col--all-last\" id=\"el-5a0f088d\"><div class=\"vce-col-inner\" data-vce-do-apply=\"border margin background  el-5a0f088d\"><div class=\"vce-col-content\" data-vce-element-content=\"true\" data-vce-do-apply=\"padding el-5a0f088d\"><div class=\"vce-text-block\"><div class=\"vce-text-block-wrapper vce\" id=\"el-96e2f17c\" data-vce-do-apply=\"all el-96e2f17c\"><p><span style=\"font-size: 18pt;\">Nettoyez simplement la peau, choisissez la taille de pansement appropri\u00e9e et appliquez-le sur le bouton.<\/span><\/p><\/div><\/div><\/div><\/div><\/div><\/div><\/div><\/div><div class=\"vce-row-container\" data-vce-boxed-width=\"true\"><div class=\"vce-row vce-row--col-gap-10 vce-row-equal-height vce-row-content--top\" id=\"el-22e4f2aa\" data-vce-do-apply=\"all el-22e4f2aa\"><div class=\"vce-row-content\" data-vce-element-content=\"true\"><div class=\"vce-col vce-col--xs-40-px vce-col--all-first\" id=\"el-9957bbdf\"><div class=\"vce-col-inner\" data-vce-do-apply=\"border margin background  el-9957bbdf\"><div class=\"vce-col-content\" data-vce-element-content=\"true\" data-vce-do-apply=\"padding el-9957bbdf\"><div class=\"vce-text-block nmbr-lst\"><div class=\"vce-text-block-wrapper vce\" id=\"el-f3905d2e\" data-vce-do-apply=\"all el-f3905d2e\"><h5>2<\/h5><\/div><\/div><\/div><\/div><\/div><div class=\"vce-col vce-col--xs-auto vce-col--all-last\" id=\"el-3c60cf0e\"><div class=\"vce-col-inner\" data-vce-do-apply=\"border margin background  el-3c60cf0e\"><div class=\"vce-col-content\" data-vce-element-content=\"true\" data-vce-do-apply=\"padding el-3c60cf0e\"><div class=\"vce-text-block\"><div class=\"vce-text-block-wrapper vce\" id=\"el-650ce9c8\" data-vce-do-apply=\"all el-650ce9c8\"><p><span style=\"font-size: 18pt;\">OXY\u00ae Timbres Pour Boutons - sont un incontournable des soins de la peau, tant pour les adolescents que pour les adultes.&nbsp;<\/span><\/p><\/div><\/div><\/div><\/div><\/div><\/div><\/div><\/div><\/div><\/div><\/div><\/div><\/div><\/div><\/div><\/div><\/div>","protected":false},"featured_media":315,"template":"","meta":{"_acf_changed":false},"categories":[7],"ingredient":[11],"class_list":["post-304","product","type-product","status-publish","has-post-thumbnail","hentry","category-stubborn-acne","ingredient-hydrocolloid"],"acf":[],"_links":{"self":[{"href":"https:\/\/oxy.ca\/fr\/wp-json\/wp\/v2\/product\/304","targetHints":{"allow":["GET"]}}],"collection":[{"href":"https:\/\/oxy.ca\/fr\/wp-json\/wp\/v2\/product"}],"about":[{"href":"https:\/\/oxy.ca\/fr\/wp-json\/wp\/v2\/types\/product"}],"wp:featuredmedia":[{"embeddable":true,"href":"https:\/\/oxy.ca\/fr\/wp-json\/wp\/v2\/media\/315"}],"wp:attachment":[{"href":"https:\/\/oxy.ca\/fr\/wp-json\/wp\/v2\/media?parent=304"}],"wp:term":[{"taxonomy":"category","embeddable":true,"href":"https:\/\/oxy.ca\/fr\/wp-json\/wp\/v2\/categories?post=304"},{"taxonomy":"ingredient","embeddable":true,"href":"https:\/\/oxy.ca\/fr\/wp-json\/wp\/v2\/ingredient?post=304"}],"curies":[{"name":"wp","href":"https:\/\/api.w.org\/{rel}","templated":true}]}}