{"id":72,"date":"2024-07-25T19:42:38","date_gmt":"2024-07-25T19:42:38","guid":{"rendered":"https:\/\/oxy.ca\/?post_type=product&#038;p=72"},"modified":"2024-08-20T18:43:47","modified_gmt":"2024-08-20T18:43:47","slug":"triple-action-daily-cleanser","status":"publish","type":"product","link":"https:\/\/oxy.ca\/fr\/product\/triple-action-daily-cleanser\/","title":{"rendered":"Hydratez votre peau \u00e0 l\u2019aide du nettoyant quotidien triple action pour le visage Oxy<sup>MD<\/sup>"},"content":{"rendered":"<div class=\"vce-section\" data-vce-boxed-width=\"true\"><div class=\"vce-section-inner\" id=\"el-75090f24\" data-vce-do-apply=\"all el-75090f24\"><div class=\"vce-content-background-container\"><\/div><div data-vce-element-content=\"true\"><div class=\"vce-row-container\" data-vce-boxed-width=\"true\"><div class=\"vce-row vce-row--col-gap-30 prdct vce-row-equal-height vce-row-content--top\" id=\"el-2cbbdb15\" data-vce-do-apply=\"all el-2cbbdb15\"><div class=\"vce-content-background-container\"><\/div><div class=\"vce-row-content\" data-vce-element-content=\"true\"><div class=\"vce-col vce-col--md-auto vce-col--xs-1 vce-col--xs-last vce-col--xs-first vce-col--sm-last vce-col--sm-first vce-col--md-first vce-col--lg-first vce-col--xl-first\" id=\"el-57b9c9a8\"><div class=\"vce-col-inner\" data-vce-do-apply=\"border margin background  el-57b9c9a8\"><div class=\"vce-col-content\" data-vce-element-content=\"true\" data-vce-do-apply=\"padding el-57b9c9a8\"><div class=\"vce-shortcode sldshw\"><div class=\"vce-shortcode-wrapper vce\" id=\"el-a75bdc79\" data-vce-do-apply=\"all el-a75bdc79\"><script type=\"text\/javascript\">\r\ndocument.addEventListener(\"DOMContentLoaded\", function(event) { \r\n\tjQuery( '#slider-pro-3-74' ).sliderPro({\r\n\t\t\/\/width\r\n\t\t\t\twidth: \"100%\",\r\n\t\t\t\t\r\n\t\t\/\/height\r\n\t\t\t\tautoHeight: true,\r\n\t\t\t\t\r\n\t\t\/\/auto play\r\n\t\t\t\t\t\t\t\tautoplay:  false,\r\n\t\t\t\tautoplayDelay: 5000,\r\n\t\t\r\n\t\t\r\n\t\tarrows: true,\r\n\t\tbuttons: false,\r\n\t\tsmallSize: 500,\r\n\t\tmediumSize: 1000,\r\n\t\tlargeSize: 3000,\r\n\t\tfade: true,\r\n\t\t\r\n\t\t\/\/thumbnail\r\n\t\tthumbnailArrows: true,\r\n\t\tthumbnailWidth: 120,\r\n\t\tthumbnailHeight: 120,\r\n\t\t\t\t\t\tthumbnailsPosition: 'bottom',\r\n\t\t\t\t\t\tcenterImage: true,\r\n\t\timageScaleMode: 'contain',\r\n\t\tallowScaleUp: true,\r\n\t\t\t\tstartSlide: 0,\r\n\t\tloop: true,\r\n\t\tslideDistance: 5,\r\n\t\tautoplayDirection: 'normal',\r\n\t\ttouchSwipe: true,\r\n\t\tfullScreen: false,\r\n\t});\r\n});\r\n<\/script>\r\n<style>\r\n\/* Layout 3 *\/\r\n\/* border *\/\r\n#slider-pro-3-74 .sp-selected-thumbnail {\r\n\tborder: 4px solid #7fff00;\r\n}\r\n\r\n\/* font + color *\/\r\n.title-in  {\r\n\tfont-family: Arial !important;\r\n\tcolor: #FFFFFF !important;\r\n\tbackground-color: #000000 !important;\r\n\topacity: 0.7 !important;\r\n}\r\n.desc-in  {\r\n\tfont-family: Arial !important;\r\n\tcolor: #FFFFFF !important;\r\n\tbackground-color: #00000 !important;\r\n\topacity: 0.7 !important;\r\n}\r\n\r\n\/* bullets color *\/\r\n.sp-button  {\r\n\tborder: 2px solid #000000 !important;\r\n}\r\n.sp-selected-button  {\r\n\tbackground-color: #000000 !important;\r\n}\r\n\r\n\/* pointer color - bottom *\/\r\n.sp-selected-thumbnail::before {\r\n\tborder-bottom: 5px solid #7fff00 !important;\r\n}\r\n.sp-selected-thumbnail::after {\r\n\tborder-bottom: 13px solid #7fff00 !important;\r\n}\r\n\r\n\/* pointer color - top *\/\r\n\r\n\/* full screen icon *\/\r\n.sp-full-screen-button::before {\r\n    color: #FFFFFF !important;\r\n}\r\n\r\n\/* hover navigation icon color *\/\r\n.sp-next-arrow::after, .sp-next-arrow::before {\r\n\tbackground-color: #FFFFFF !important;\r\n}\r\n.sp-previous-arrow::after, .sp-previous-arrow::before {\r\n\tbackground-color: #FFFFFF !important;\r\n}\r\n\r\n#slider-pro-3-74 .title-in {\r\n\tcolor: #FFFFFF !important;\r\n\tfont-weight: bolder;\r\n\ttext-align: center;\r\n}\r\n\r\n#slider-pro-3-74 .title-in-bg {\r\n\tbackground: rgba(255, 255, 255, 0.7); !important;\r\n\twhite-space: unset !important;\r\n\tmax-width: 90%;\r\n\tmin-width: 40%;\r\n\ttransform: initial !important;\r\n\t-webkit-transform: initial !important;\r\n\tfont-size: 14px !important;\r\n}\r\n\r\n#slider-pro-3-74 .desc-in {\r\n\tcolor: #FFFFFF !important;\r\n\ttext-align: center;\r\n}\r\n#slider-pro-3-74 .desc-in-bg {\r\n\tbackground: rgba(#00000, 0.7) !important;\r\n\twhite-space: unset !important;\r\n\twidth: 80% !important;\r\n\tmin-width: 30%;\r\n\ttransform: initial !important;\r\n\t-webkit-transform: initial !important;\r\n\tfont-size: 13px !important;\r\n}\r\n\r\n@media (max-width: 640px) {\r\n\t#slider-pro-3-74 .hide-small-screen {\r\n\t\tdisplay: none;\r\n\t}\r\n}\r\n\r\n@media (max-width: 860px) {\r\n\t#slider-pro-3-74 .sp-layer {\r\n\t\tfont-size: 18px;\r\n\t}\r\n\t\r\n\t#slider-pro-3-74 .hide-medium-screen {\r\n\t\tdisplay: none;\r\n\t}\r\n}\r\n.slides-not-found {\r\n\tbackground-color: #a92929;\r\n\tborder-radius: 5px;\r\n\tcolor: #fff;\r\n\tfont-family: initial;\r\n\ttext-align: center;\r\n\tpadding:12px;\r\n}\r\n\/* Custom CSS *\/\r\n<\/style>\r\n\t\t<div id=\"slider-pro-3-74\" class=\"slider-pro\">\r\n\t\t\t<!---- slides div start ---->\r\n\t\t\t<div class=\"sp-slides\">\r\n\t\t\t\t\t\t\t\t\t\t<div class=\"sp-slide\">\r\n\t\t\t\t\t\t\t<img class=\"sp-image\" loading=\"lazy\" alt=\"oxy-triple-cleanser\" src=\"https:\/\/oxy.ca\/wp-content\/plugins\/ultimate-responsive-image-slider\/assets\/css\/images\/blank.gif\" data-src=\"https:\/\/oxy.ca\/wp-content\/uploads\/2024\/07\/oxy-triple-cleanser.jpg\" \/>\r\n\r\n\t\t\t\t\t\t\t\r\n\t\t\t\t\t\t\t\t\t\t\t\t\t<\/div>\r\n\t\t\t\t\t\t\t\t\t\t\t\t<div class=\"sp-slide\">\r\n\t\t\t\t\t\t\t<img class=\"sp-image\" loading=\"lazy\" alt=\"57521282200_PT02\" src=\"https:\/\/oxy.ca\/wp-content\/plugins\/ultimate-responsive-image-slider\/assets\/css\/images\/blank.gif\" data-src=\"https:\/\/oxy.ca\/wp-content\/uploads\/2024\/07\/57521282200_PT02-1.png\" \/>\r\n\r\n\t\t\t\t\t\t\t\r\n\t\t\t\t\t\t\t\t\t\t\t\t\t<\/div>\r\n\t\t\t\t\t\t\t\t\t\t\t\t<div class=\"sp-slide\">\r\n\t\t\t\t\t\t\t<img class=\"sp-image\" loading=\"lazy\" alt=\"57521282200_PT03\" src=\"https:\/\/oxy.ca\/wp-content\/plugins\/ultimate-responsive-image-slider\/assets\/css\/images\/blank.gif\" data-src=\"https:\/\/oxy.ca\/wp-content\/uploads\/2024\/07\/57521282200_PT03-1.png\" \/>\r\n\r\n\t\t\t\t\t\t\t\r\n\t\t\t\t\t\t\t\t\t\t\t\t\t<\/div>\r\n\t\t\t\t\t\t\t\t\t<\/div>\r\n\t\t\t\r\n\t\t\t<!---- slides div end ---->\r\n\t\t\t\t\t\t<!-- slides thumbnails div start -->\r\n\t\t\t<div class=\"sp-thumbnails\">\r\n\t\t\t\t\t\t\t\t\t\t<img class=\"sp-thumbnail\" loading=\"lazy\" src=\"https:\/\/oxy.ca\/wp-content\/plugins\/ultimate-responsive-image-slider\/assets\/img\/loading.gif\" data-src=\"https:\/\/oxy.ca\/wp-content\/uploads\/2024\/07\/oxy-triple-cleanser-255x300.jpg\" alt=\"oxy-triple-cleanser\"\/>\r\n\t\t\t\t\t\t\t\t\t\t\t<img class=\"sp-thumbnail\" loading=\"lazy\" src=\"https:\/\/oxy.ca\/wp-content\/plugins\/ultimate-responsive-image-slider\/assets\/img\/loading.gif\" data-src=\"https:\/\/oxy.ca\/wp-content\/uploads\/2024\/07\/57521282200_PT02-1-300x300.png\" alt=\"57521282200_PT02\"\/>\r\n\t\t\t\t\t\t\t\t\t\t\t<img class=\"sp-thumbnail\" loading=\"lazy\" src=\"https:\/\/oxy.ca\/wp-content\/plugins\/ultimate-responsive-image-slider\/assets\/img\/loading.gif\" data-src=\"https:\/\/oxy.ca\/wp-content\/uploads\/2024\/07\/57521282200_PT03-1-300x300.png\" alt=\"57521282200_PT03\"\/>\r\n\t\t\t\t\t\t\t\t<\/div>\r\n\t\t\t\t\t\t<!-- slides thumbnails div end -->\r\n\t\t<\/div>\r\n<\/div><\/div><\/div><\/div><\/div><div class=\"vce-col vce-col--md-auto vce-col--xs-1 vce-col--xs-last vce-col--xs-first vce-col--sm-last vce-col--sm-first vce-col--md-last vce-col--lg-last vce-col--xl-last\" id=\"el-35008848\"><div class=\"vce-col-inner\" data-vce-do-apply=\"border margin background  el-35008848\"><div class=\"vce-col-content\" data-vce-element-content=\"true\" data-vce-do-apply=\"padding el-35008848\"><div class=\"vce-single-image-container vce-single-image--align-left\"><div class=\"vce vce-single-image-wrapper\" id=\"el-a28f6852\" data-vce-do-apply=\"all el-a28f6852\"><figure><div class=\"vce-single-image-figure-inner\" style=\"width: 60px;\"><div class=\"vce-single-image-inner vce-single-image--absolute\" style=\"width: 100%; padding-bottom: 100%;\"><img loading=\"lazy\" decoding=\"async\" class=\"vce-single-image lazyload\"  width=\"60\" height=\"60\" data-srcset=\"https:\/\/oxy.ca\/wp-content\/uploads\/2024\/08\/SOFTLIPS_ACNE-ICONS-mild-2-60x60.png 60w\" data-src=\"https:\/\/oxy.ca\/wp-content\/uploads\/2024\/08\/SOFTLIPS_ACNE-ICONS-mild-2-60x60.png\" data-img-src=\"https:\/\/oxy.ca\/wp-content\/uploads\/2024\/07\/SOFTLIPS_ACNE-ICONS-mild-2.png\" data-attachment-id=\"56\"  alt=\"\" title=\"SOFTLIPS_ACNE ICONS-mild 2\" src=\"data:image\/gif;base64,R0lGODlhAQABAAAAACH5BAEKAAEALAAAAAABAAEAAAICTAEAOw==\" style=\"--smush-placeholder-width: 60px; --smush-placeholder-aspect-ratio: 60\/60;\" \/><noscript><img loading=\"lazy\" decoding=\"async\" class=\"vce-single-image\"  width=\"60\" height=\"60\" srcset=\"https:\/\/oxy.ca\/wp-content\/uploads\/2024\/08\/SOFTLIPS_ACNE-ICONS-mild-2-60x60.png 60w\" src=\"https:\/\/oxy.ca\/wp-content\/uploads\/2024\/08\/SOFTLIPS_ACNE-ICONS-mild-2-60x60.png\" data-img-src=\"https:\/\/oxy.ca\/wp-content\/uploads\/2024\/07\/SOFTLIPS_ACNE-ICONS-mild-2.png\" data-attachment-id=\"56\"  alt=\"\" title=\"SOFTLIPS_ACNE ICONS-mild 2\" \/><\/noscript><\/div><\/div><figcaption hidden=\"\"><\/figcaption><\/figure><\/div><\/div><div class=\"vce-text-block\"><div class=\"vce-text-block-wrapper vce\" id=\"el-997f447f\" data-vce-do-apply=\"all el-997f447f\"><h1>Hydratez votre peau \u00e0 l\u2019aide du nettoyant quotidien triple action pour le visage Oxy<sup>MD<\/sup><\/h1>\n<p>La formule du nettoyant quotidien triple action pour le visage Oxy<sup>MD<\/sup> contient des extraits hydratants de th\u00e9 vert et de camomille, ainsi que de la provitamine B5, dans une formule rafra\u00eechissante et non irritante, qui laisse la peau fra\u00eeche, lisse et d\u2019apparence saine. La formule triple action agit de 3 fa\u00e7ons pour traiter les boutons d\u2019acn\u00e9 l\u00e9g\u00e8re :<\/p>\n<p><strong>Nettoyage :<\/strong> il p\u00e9n\u00e8tre en profondeur dans les pores pour \u00e9liminer la salet\u00e9, le s\u00e9bum et les peaux mortes.<\/p>\n<p><strong>Traitement :<\/strong> il d\u00e9sobstrue les pores en laissant p\u00e9n\u00e9trer l\u2019oxyg\u00e8ne pour aider la peau \u00e0 respirer et \u00e0 lutter contre les \u00e9ruptions.<\/p>\n<p><strong>Pr\u00e9vention :<\/strong> permet de garder la peau exempte de nouveaux boutons d\u2019acn\u00e9.<\/p>\n<ul>\n<li>L\u00e9g\u00e8rement m\u00e9dicament\u00e9s avec 1 % d\u2019acide salicylique<\/li>\n<li>Contient de la provitamine B5 pour aider \u00e0 acc\u00e9l\u00e9rer le processus de gu\u00e9rison des l\u00e9sions acn\u00e9iques, tout en hydratant la peau pour une barri\u00e8re cutan\u00e9e saine.<\/li>\n<li>Sans parab\u00e8ne ni conservateur<\/li>\n<li>Convient \u00e0 tous les types de peau<\/li>\n<\/ul><\/div><\/div><div class=\"vce-row-container\" data-vce-boxed-width=\"true\"><div class=\"vce-row vce-row--col-gap-30 vce-row-equal-height vce-row-content--top\" id=\"el-7044d337\" data-vce-do-apply=\"all el-7044d337\"><div class=\"vce-content-background-container\"><\/div><div class=\"vce-row-content\" data-vce-element-content=\"true\"><div class=\"vce-col vce-col--xs-auto vce-col--all-first\" id=\"el-176516ff\"><div class=\"vce-col-inner\" data-vce-do-apply=\"border margin background  el-176516ff\"><div class=\"vce-col-content\" data-vce-element-content=\"true\" data-vce-do-apply=\"padding el-176516ff\"><div class=\"vce-button--style-basic-container amzn vce-button--style-basic-container--align-left\"><span class=\"vce-button--style-basic-wrapper vce vce-button--style-basic-wrapper--stretched\" id=\"el-900fc935\" data-vce-do-apply=\"margin el-900fc935\"><a class=\"vce-button vce-button--style-basic vce-button--style-basic--border-round vce-button--style-basic--size-medium vce-button--style-basic--color-b-127-255-0--b-0-0-0\" href=\"https:\/\/www.amazon.ca\/OXY-Salicylic-Combination-Recurring-Breakouts\/dp\/B00FZN02C8\" title=\"Buy on Amazon\" target=\"_blank\" data-vce-do-apply=\"padding border background  el-900fc935\" rel=\"noopener\">Acheter d\u00e8s maintenant<\/a><\/span><\/div><\/div><\/div><\/div><div class=\"vce-col vce-col--xs-auto vce-col--all-last\" id=\"el-10b484f5\"><div class=\"vce-col-inner\" data-vce-do-apply=\"border margin background  el-10b484f5\"><div class=\"vce-col-content\" data-vce-element-content=\"true\" data-vce-do-apply=\"padding el-10b484f5\"><div class=\"vce-button--style-outline-container vce-button--style-outline-container--align-center\"><span class=\"vce-button--style-outline-wrapper vce vce-button--style-outline-wrapper--stretched\" id=\"el-41ef9098\" data-vce-do-apply=\"margin el-41ef9098\"><a class=\"vce-button vce-button--style-outline-animated vce-button--style-outline--border-round vce-button--style-outline--size-medium vce-button--style-outline-animated--color-b-37-40-42--fff--3d3d3d vce-button--style-outline-animated--border-color-b-37-40-42--3d3d3d vce-button--style-outline-animated--background-color-b-37-40-42\" href=\"#vcv-popup-176\" data-vce-do-apply=\"padding border background  el-41ef9098\"><span class=\"vce-button--style-outline-text\">o\u00f9 acheter<\/span><\/a><\/span><\/div><\/div><\/div><\/div><\/div><\/div><\/div><div id=\"el-725f6373\" class=\"vce vce-faq-group-container vce-faq-group-fill-color--empty vce-faq-group-fill-hover-color--empty vce-faq-group-border-color--ba-0-0-0-0 vce-faq-group-border-hover-color--empty vce-faq-group-shape--square vce-faq-group-icon-color--b-37-40-42 vce-faq-group-icon-hover-color--empty vce-faq-group-title-color--b-37-40-42\" data-vce-do-apply=\"all el-725f6373\" data-vce-faq-group-auto-close=\"true\"><div class=\"vce-faq-group\" role=\"tablist\"><div class=\"vce-faq-group-item\"><div class=\"vce-faq-group-item-heading\" role=\"tab\" id=\"tab-725f6373-0\" aria-controls=\"panel-725f6373-0\" aria-expanded=\"false\" aria-selected=\"false\"><h3 class=\"vce-faq-group-item-heading-title\">Conseil rapide<\/h3><div class=\"vce-faq-group-item-icon\"><\/div><\/div><div class=\"vce-faq-group-item-content\" role=\"tabpanel\" id=\"panel-725f6373-0\" aria-labelledby=\"tab-725f6373-0\" aria-hidden=\"true\"><p><span style=\"font-weight: 400;\">Nettoyer souvent les taies d\u2019oreiller, les gants de toilette et les serviettes est aussi utile pour garder votre peau plus propre!<\/span><\/p><\/div><\/div><div class=\"vce-faq-group-item\"><div class=\"vce-faq-group-item-heading\" role=\"tab\" id=\"tab-725f6373-1\" aria-controls=\"panel-725f6373-1\" aria-expanded=\"false\" aria-selected=\"false\"><h3 class=\"vce-faq-group-item-heading-title\">Ingr\u00e9dients actifs<\/h3><div class=\"vce-faq-group-item-icon\"><\/div><\/div><div class=\"vce-faq-group-item-content\" role=\"tabpanel\" id=\"panel-725f6373-1\" aria-labelledby=\"tab-725f6373-1\" aria-hidden=\"true\"><p><span style=\"font-weight: 400;\">1 % d\u2019acide salicylique<\/span><\/p><\/div><\/div><\/div><\/div><\/div><\/div><\/div><\/div><\/div><\/div><div class=\"vce-row-container\" data-vce-boxed-width=\"true\"><div class=\"vce-row vce-row--col-gap-30 vce-row-equal-height vce-row-content--top\" id=\"el-95cc1366\" data-vce-do-apply=\"all el-95cc1366\"><div class=\"vce-row-content\" data-vce-element-content=\"true\"><div class=\"vce-col vce-col--md-66-66p vce-col--xs-1 vce-col--xs-last vce-col--xs-first vce-col--sm-last vce-col--sm-first vce-col--md-first vce-col--lg-first vce-col--xl-first\" id=\"el-fb4041f6\"><div class=\"vce-col-inner\" data-vce-do-apply=\"border margin background  el-fb4041f6\"><div class=\"vce-col-content\" data-vce-element-content=\"true\" data-vce-do-apply=\"padding el-fb4041f6\"><div class=\"vce-text-block\"><div class=\"vce-text-block-wrapper vce\" id=\"el-81edd81c\" data-vce-do-apply=\"all el-81edd81c\"><h2>Solution pour une peau simple et nette :<\/h2><\/div><\/div><\/div><\/div><\/div><div class=\"vce-col vce-col--md-33-34p vce-col--xs-1 vce-col--xs-last vce-col--xs-first vce-col--sm-last vce-col--sm-first vce-col--md-last vce-col--lg-last vce-col--xl-last\" id=\"el-b5278cf1\"><div class=\"vce-col-inner\" data-vce-do-apply=\"border margin background  el-b5278cf1\"><div class=\"vce-col-content\" data-vce-element-content=\"true\" data-vce-do-apply=\"padding el-b5278cf1\"><div class=\"vcv-row-control-wrapper\"><\/div><\/div><\/div><\/div><\/div><\/div><\/div><div class=\"vce-row-container\" data-vce-boxed-width=\"true\"><div class=\"vce-row vce-row--has-col-background vce-row--col-gap-30 vce-row-equal-height vce-row-content--top\" id=\"el-9f33ad71\" data-vce-do-apply=\"all el-9f33ad71\"><div class=\"vce-content-background-container\"><\/div><div class=\"vce-row-content\" data-vce-element-content=\"true\"><div class=\"vce-col vce-element--has-background vce-col--md-auto vce-col--xs-1 vce-col--xs-last vce-col--xs-first vce-col--sm-last vce-col--sm-first vce-col--md-first vce-col--lg-first vce-col--xl-first rounded lght steps\" id=\"el-9b30de61\"><div class=\"vce-col-inner\" data-vce-do-apply=\"border margin background  el-9b30de61\"><div class=\"vce-content-background-container\"><\/div><div class=\"vce-col-content\" data-vce-element-content=\"true\" data-vce-do-apply=\"padding el-9b30de61\"><div class=\"vce-text-block\"><div class=\"vce-text-block-wrapper vce\" id=\"el-b73dc2f6\" data-vce-do-apply=\"all el-b73dc2f6\"><h3><strong>Vous \u00eates press\u00e9(e)?<\/strong><\/h3><\/div><\/div><div class=\"vce-text-block\"><div class=\"vce-text-block-wrapper vce\" id=\"el-6af7d5d5\" data-vce-do-apply=\"all el-6af7d5d5\"><h2 class=\"neon\">Nettoyez simplement, le matin et le soir.<\/h2>\n<p>Massez l\u00e9g\u00e8rement le nettoyant sur votre peau pendant 30 secondes, rincez et s\u00e9chez en tapotant.<\/p>\n<p><em>Lisez et suivez toujours les indications pr\u00e9sentes sur les \u00e9tiquettes.<\/em><\/p><\/div><\/div><\/div><\/div><\/div><div class=\"vce-col vce-element--has-background vce-col--md-auto vce-col--xs-1 vce-col--xs-last vce-col--xs-first vce-col--sm-last vce-col--sm-first vce-col--md-last vce-col--lg-last vce-col--xl-last rounded\" id=\"el-df6dfc7d\"><div class=\"vce-col-inner\" data-vce-do-apply=\"border margin background  el-df6dfc7d\"><div class=\"vce-content-background-container\"><\/div><div class=\"vce-col-content\" data-vce-element-content=\"true\" data-vce-do-apply=\"padding el-df6dfc7d\"><div class=\"vce-text-block\"><div class=\"vce-text-block-wrapper vce\" id=\"el-836d97b4\" data-vce-do-apply=\"all el-836d97b4\"><h3>Vous avez plus de temps?<\/h3><\/div><\/div><div class=\"vce-row-container\" data-vce-boxed-width=\"true\"><div class=\"vce-row vce-row--col-gap-10 vce-row-equal-height vce-row-content--top\" id=\"el-0bd3fdde\" data-vce-do-apply=\"all el-0bd3fdde\"><div class=\"vce-row-content\" data-vce-element-content=\"true\"><div class=\"vce-col vce-col--xs-40-px vce-col--all-first\" id=\"el-2370a37c\"><div class=\"vce-col-inner\" data-vce-do-apply=\"border margin background  el-2370a37c\"><div class=\"vce-col-content\" data-vce-element-content=\"true\" data-vce-do-apply=\"padding el-2370a37c\"><div class=\"vce-text-block nmbr-lst\"><div class=\"vce-text-block-wrapper vce\" id=\"el-bd079723\" data-vce-do-apply=\"all el-bd079723\"><h5>1<\/h5><\/div><\/div><\/div><\/div><\/div><div class=\"vce-col vce-col--xs-auto vce-col--all-last\" id=\"el-5a0f088d\"><div class=\"vce-col-inner\" data-vce-do-apply=\"border margin background  el-5a0f088d\"><div class=\"vce-col-content\" data-vce-element-content=\"true\" data-vce-do-apply=\"padding el-5a0f088d\"><div class=\"vce-text-block\"><div class=\"vce-text-block-wrapper vce\" id=\"el-96e2f17c\" data-vce-do-apply=\"all el-96e2f17c\"><p>Lavez votre visage \u00e0 l\u2019aide du nettoyant quotidien triple action pour le visage Oxy<sup>MD<\/sup>, matin et soir.<\/p><\/div><\/div><\/div><\/div><\/div><\/div><\/div><\/div><div class=\"vce-row-container\" data-vce-boxed-width=\"true\"><div class=\"vce-row vce-row--col-gap-10 vce-row-equal-height vce-row-content--top\" id=\"el-22e4f2aa\" data-vce-do-apply=\"all el-22e4f2aa\"><div class=\"vce-row-content\" data-vce-element-content=\"true\"><div class=\"vce-col vce-col--xs-40-px vce-col--all-first\" id=\"el-9957bbdf\"><div class=\"vce-col-inner\" data-vce-do-apply=\"border margin background  el-9957bbdf\"><div class=\"vce-col-content\" data-vce-element-content=\"true\" data-vce-do-apply=\"padding el-9957bbdf\"><div class=\"vce-text-block nmbr-lst\"><div class=\"vce-text-block-wrapper vce\" id=\"el-f3905d2e\" data-vce-do-apply=\"all el-f3905d2e\"><h5>2<\/h5><\/div><\/div><\/div><\/div><\/div><div class=\"vce-col vce-col--xs-auto vce-col--all-last\" id=\"el-3c60cf0e\"><div class=\"vce-col-inner\" data-vce-do-apply=\"border margin background  el-3c60cf0e\"><div class=\"vce-col-content\" data-vce-element-content=\"true\" data-vce-do-apply=\"padding el-3c60cf0e\"><div class=\"vce-text-block\"><div class=\"vce-text-block-wrapper vce\" id=\"el-650ce9c8\" data-vce-do-apply=\"all el-650ce9c8\"><p>Utilisez ensuite le tampon nettoyant anti-acn\u00e9 triple action Oxy<sup>MD<\/sup>, en veillant \u00e0 couvrir toutes les zones \u00e0 probl\u00e8mes. Lorsqu\u2019il est utilis\u00e9 une \u00e0 trois fois par jour, il permet de garder une peau nette.<\/p><\/div><\/div><\/div><\/div><\/div><\/div><\/div><\/div><div class=\"vce-row-container\" data-vce-boxed-width=\"true\"><div class=\"vce-row vce-row--col-gap-10 vce-row-equal-height vce-row-content--top\" id=\"el-3a10a063\" data-vce-do-apply=\"all el-3a10a063\"><div class=\"vce-row-content\" data-vce-element-content=\"true\"><div class=\"vce-col vce-col--xs-40-px vce-col--all-first\" id=\"el-81394d4a\"><div class=\"vce-col-inner\" data-vce-do-apply=\"border margin background  el-81394d4a\"><div class=\"vce-col-content\" data-vce-element-content=\"true\" data-vce-do-apply=\"padding el-81394d4a\"><div class=\"vce-text-block nmbr-lst\"><div class=\"vce-text-block-wrapper vce\" id=\"el-209359e4\" data-vce-do-apply=\"all el-209359e4\"><h5>3<\/h5><\/div><\/div><\/div><\/div><\/div><div class=\"vce-col vce-col--xs-auto vce-col--all-last\" id=\"el-451bb0be\"><div class=\"vce-col-inner\" data-vce-do-apply=\"border margin background  el-451bb0be\"><div class=\"vce-col-content\" data-vce-element-content=\"true\" data-vce-do-apply=\"padding el-451bb0be\"><div class=\"vce-text-block\"><div class=\"vce-text-block-wrapper vce\" id=\"el-5417c660\" data-vce-do-apply=\"all el-5417c660\"><p>Gardez le gel invisible pour les boutons d\u2019acn\u00e9 Oxy<sup>MD<\/sup> \u00e0 port\u00e9e de main pour les cas o\u00f9 vous \u00eates surpris(e) par une imperfection!<\/p><\/div><\/div><\/div><\/div><\/div><\/div><\/div><\/div><\/div><\/div><\/div><\/div><\/div><\/div><\/div><\/div><\/div>","protected":false},"featured_media":73,"template":"","meta":{"_acf_changed":false},"categories":[5],"ingredient":[6],"class_list":["post-72","product","type-product","status-publish","has-post-thumbnail","hentry","category-mild-acne","ingredient-salicylic-acid"],"acf":[],"_links":{"self":[{"href":"https:\/\/oxy.ca\/fr\/wp-json\/wp\/v2\/product\/72","targetHints":{"allow":["GET"]}}],"collection":[{"href":"https:\/\/oxy.ca\/fr\/wp-json\/wp\/v2\/product"}],"about":[{"href":"https:\/\/oxy.ca\/fr\/wp-json\/wp\/v2\/types\/product"}],"wp:featuredmedia":[{"embeddable":true,"href":"https:\/\/oxy.ca\/fr\/wp-json\/wp\/v2\/media\/73"}],"wp:attachment":[{"href":"https:\/\/oxy.ca\/fr\/wp-json\/wp\/v2\/media?parent=72"}],"wp:term":[{"taxonomy":"category","embeddable":true,"href":"https:\/\/oxy.ca\/fr\/wp-json\/wp\/v2\/categories?post=72"},{"taxonomy":"ingredient","embeddable":true,"href":"https:\/\/oxy.ca\/fr\/wp-json\/wp\/v2\/ingredient?post=72"}],"curies":[{"name":"wp","href":"https:\/\/api.w.org\/{rel}","templated":true}]}}