{"id":83,"date":"2024-07-25T20:26:36","date_gmt":"2024-07-25T20:26:36","guid":{"rendered":"https:\/\/oxy.ca\/?post_type=product&#038;p=83"},"modified":"2024-08-22T14:37:45","modified_gmt":"2024-08-22T14:37:45","slug":"deep-pore-acne-vanishing-treatment","status":"publish","type":"product","link":"https:\/\/oxy.ca\/fr\/product\/deep-pore-acne-vanishing-treatment\/","title":{"rendered":"\u00c9liminer les boutons \u00e0 l\u2019aide du traitement invisible anti-acn\u00e9 Pores en profondeur Oxy<sup>MD<\/sup>"},"content":{"rendered":"<div class=\"vce-section\" data-vce-boxed-width=\"true\"><div class=\"vce-section-inner\" id=\"el-75090f24\" data-vce-do-apply=\"all el-75090f24\"><div class=\"vce-content-background-container\"><\/div><div data-vce-element-content=\"true\"><div class=\"vce-row-container\" data-vce-boxed-width=\"true\"><div class=\"vce-row vce-row--col-gap-30 prdct vce-row-equal-height vce-row-content--top\" id=\"el-2cbbdb15\" data-vce-do-apply=\"all el-2cbbdb15\"><div class=\"vce-content-background-container\"><\/div><div class=\"vce-row-content\" data-vce-element-content=\"true\"><div class=\"vce-col vce-col--md-auto vce-col--xs-1 vce-col--xs-last vce-col--xs-first vce-col--sm-last vce-col--sm-first vce-col--md-first vce-col--lg-first vce-col--xl-first\" id=\"el-57b9c9a8\"><div class=\"vce-col-inner\" data-vce-do-apply=\"border margin background  el-57b9c9a8\"><div class=\"vce-col-content\" data-vce-element-content=\"true\" data-vce-do-apply=\"padding el-57b9c9a8\"><div class=\"vce-shortcode sldshw\"><div class=\"vce-shortcode-wrapper vce\" id=\"el-a75bdc79\" data-vce-do-apply=\"all el-a75bdc79\"><script type=\"text\/javascript\">\r\ndocument.addEventListener(\"DOMContentLoaded\", function(event) { \r\n\tjQuery( '#slider-pro-3-82' ).sliderPro({\r\n\t\t\/\/width\r\n\t\t\t\twidth: \"100%\",\r\n\t\t\t\t\r\n\t\t\/\/height\r\n\t\t\t\tautoHeight: true,\r\n\t\t\t\t\r\n\t\t\/\/auto play\r\n\t\t\t\t\t\t\t\tautoplay:  false,\r\n\t\t\t\tautoplayDelay: 5000,\r\n\t\t\r\n\t\t\r\n\t\tarrows: true,\r\n\t\tbuttons: false,\r\n\t\tsmallSize: 500,\r\n\t\tmediumSize: 1000,\r\n\t\tlargeSize: 3000,\r\n\t\tfade: true,\r\n\t\t\r\n\t\t\/\/thumbnail\r\n\t\tthumbnailArrows: true,\r\n\t\tthumbnailWidth: 120,\r\n\t\tthumbnailHeight: 120,\r\n\t\t\t\t\t\tthumbnailsPosition: 'bottom',\r\n\t\t\t\t\t\tcenterImage: true,\r\n\t\timageScaleMode: 'contain',\r\n\t\tallowScaleUp: true,\r\n\t\t\t\tstartSlide: 0,\r\n\t\tloop: true,\r\n\t\tslideDistance: 5,\r\n\t\tautoplayDirection: 'normal',\r\n\t\ttouchSwipe: true,\r\n\t\tfullScreen: false,\r\n\t});\r\n});\r\n<\/script>\r\n<style>\r\n\/* Layout 3 *\/\r\n\/* border *\/\r\n#slider-pro-3-82 .sp-selected-thumbnail {\r\n\tborder: 4px solid #7fff00;\r\n}\r\n\r\n\/* font + color *\/\r\n.title-in  {\r\n\tfont-family: Arial !important;\r\n\tcolor: #FFFFFF !important;\r\n\tbackground-color: #000000 !important;\r\n\topacity: 0.7 !important;\r\n}\r\n.desc-in  {\r\n\tfont-family: Arial !important;\r\n\tcolor: #FFFFFF !important;\r\n\tbackground-color: #00000 !important;\r\n\topacity: 0.7 !important;\r\n}\r\n\r\n\/* bullets color *\/\r\n.sp-button  {\r\n\tborder: 2px solid #000000 !important;\r\n}\r\n.sp-selected-button  {\r\n\tbackground-color: #000000 !important;\r\n}\r\n\r\n\/* pointer color - bottom *\/\r\n.sp-selected-thumbnail::before {\r\n\tborder-bottom: 5px solid #7fff00 !important;\r\n}\r\n.sp-selected-thumbnail::after {\r\n\tborder-bottom: 13px solid #7fff00 !important;\r\n}\r\n\r\n\/* pointer color - top *\/\r\n\r\n\/* full screen icon *\/\r\n.sp-full-screen-button::before {\r\n    color: #FFFFFF !important;\r\n}\r\n\r\n\/* hover navigation icon color *\/\r\n.sp-next-arrow::after, .sp-next-arrow::before {\r\n\tbackground-color: #FFFFFF !important;\r\n}\r\n.sp-previous-arrow::after, .sp-previous-arrow::before {\r\n\tbackground-color: #FFFFFF !important;\r\n}\r\n\r\n#slider-pro-3-82 .title-in {\r\n\tcolor: #FFFFFF !important;\r\n\tfont-weight: bolder;\r\n\ttext-align: center;\r\n}\r\n\r\n#slider-pro-3-82 .title-in-bg {\r\n\tbackground: rgba(255, 255, 255, 0.7); !important;\r\n\twhite-space: unset !important;\r\n\tmax-width: 90%;\r\n\tmin-width: 40%;\r\n\ttransform: initial !important;\r\n\t-webkit-transform: initial !important;\r\n\tfont-size: 14px !important;\r\n}\r\n\r\n#slider-pro-3-82 .desc-in {\r\n\tcolor: #FFFFFF !important;\r\n\ttext-align: center;\r\n}\r\n#slider-pro-3-82 .desc-in-bg {\r\n\tbackground: rgba(#00000, 0.7) !important;\r\n\twhite-space: unset !important;\r\n\twidth: 80% !important;\r\n\tmin-width: 30%;\r\n\ttransform: initial !important;\r\n\t-webkit-transform: initial !important;\r\n\tfont-size: 13px !important;\r\n}\r\n\r\n@media (max-width: 640px) {\r\n\t#slider-pro-3-82 .hide-small-screen {\r\n\t\tdisplay: none;\r\n\t}\r\n}\r\n\r\n@media (max-width: 860px) {\r\n\t#slider-pro-3-82 .sp-layer {\r\n\t\tfont-size: 18px;\r\n\t}\r\n\t\r\n\t#slider-pro-3-82 .hide-medium-screen {\r\n\t\tdisplay: none;\r\n\t}\r\n}\r\n.slides-not-found {\r\n\tbackground-color: #a92929;\r\n\tborder-radius: 5px;\r\n\tcolor: #fff;\r\n\tfont-family: initial;\r\n\ttext-align: center;\r\n\tpadding:12px;\r\n}\r\n\/* Custom CSS *\/\r\n<\/style>\r\n\t\t<div id=\"slider-pro-3-82\" class=\"slider-pro\">\r\n\t\t\t<!---- slides div start ---->\r\n\t\t\t<div class=\"sp-slides\">\r\n\t\t\t\t\t\t\t\t\t\t<div class=\"sp-slide\">\r\n\t\t\t\t\t\t\t<img class=\"sp-image\" loading=\"lazy\" alt=\"oxy-vanishing\" src=\"https:\/\/oxy.ca\/wp-content\/plugins\/ultimate-responsive-image-slider\/assets\/css\/images\/blank.gif\" data-src=\"https:\/\/oxy.ca\/wp-content\/uploads\/2024\/07\/oxy-vanishing.jpg\" \/>\r\n\r\n\t\t\t\t\t\t\t\r\n\t\t\t\t\t\t\t\t\t\t\t\t\t<\/div>\r\n\t\t\t\t\t\t\t\t\t\t\t\t<div class=\"sp-slide\">\r\n\t\t\t\t\t\t\t<img class=\"sp-image\" loading=\"lazy\" alt=\"vanishing-treat-box\" src=\"https:\/\/oxy.ca\/wp-content\/plugins\/ultimate-responsive-image-slider\/assets\/css\/images\/blank.gif\" data-src=\"https:\/\/oxy.ca\/wp-content\/uploads\/2024\/07\/vanishing-treat-box.jpg\" \/>\r\n\r\n\t\t\t\t\t\t\t\r\n\t\t\t\t\t\t\t\t\t\t\t\t\t<\/div>\r\n\t\t\t\t\t\t\t\t\t\t\t\t<div class=\"sp-slide\">\r\n\t\t\t\t\t\t\t<img class=\"sp-image\" loading=\"lazy\" alt=\"deeppore-vanishin\" src=\"https:\/\/oxy.ca\/wp-content\/plugins\/ultimate-responsive-image-slider\/assets\/css\/images\/blank.gif\" data-src=\"https:\/\/oxy.ca\/wp-content\/uploads\/2024\/07\/deeppore-vanishin.jpg\" \/>\r\n\r\n\t\t\t\t\t\t\t\r\n\t\t\t\t\t\t\t\t\t\t\t\t\t<\/div>\r\n\t\t\t\t\t\t\t\t\t\t\t\t<div class=\"sp-slide\">\r\n\t\t\t\t\t\t\t<img class=\"sp-image\" loading=\"lazy\" alt=\"Deep Pore Treatment PT01\" src=\"https:\/\/oxy.ca\/wp-content\/plugins\/ultimate-responsive-image-slider\/assets\/css\/images\/blank.gif\" data-src=\"https:\/\/oxy.ca\/wp-content\/uploads\/2024\/07\/Deep-Pore-Treatment-PT01-1.png\" \/>\r\n\r\n\t\t\t\t\t\t\t\r\n\t\t\t\t\t\t\t\t\t\t\t\t\t<\/div>\r\n\t\t\t\t\t\t\t\t\t<\/div>\r\n\t\t\t\r\n\t\t\t<!---- slides div end ---->\r\n\t\t\t\t\t\t<!-- slides thumbnails div start -->\r\n\t\t\t<div class=\"sp-thumbnails\">\r\n\t\t\t\t\t\t\t\t\t\t<img class=\"sp-thumbnail\" loading=\"lazy\" src=\"https:\/\/oxy.ca\/wp-content\/plugins\/ultimate-responsive-image-slider\/assets\/img\/loading.gif\" data-src=\"https:\/\/oxy.ca\/wp-content\/uploads\/2024\/07\/oxy-vanishing-255x300.jpg\" alt=\"oxy-vanishing\"\/>\r\n\t\t\t\t\t\t\t\t\t\t\t<img class=\"sp-thumbnail\" loading=\"lazy\" src=\"https:\/\/oxy.ca\/wp-content\/plugins\/ultimate-responsive-image-slider\/assets\/img\/loading.gif\" data-src=\"https:\/\/oxy.ca\/wp-content\/uploads\/2024\/07\/vanishing-treat-box-255x300.jpg\" alt=\"vanishing-treat-box\"\/>\r\n\t\t\t\t\t\t\t\t\t\t\t<img class=\"sp-thumbnail\" loading=\"lazy\" src=\"https:\/\/oxy.ca\/wp-content\/plugins\/ultimate-responsive-image-slider\/assets\/img\/loading.gif\" data-src=\"https:\/\/oxy.ca\/wp-content\/uploads\/2024\/07\/deeppore-vanishin-300x300.jpg\" alt=\"deeppore-vanishin\"\/>\r\n\t\t\t\t\t\t\t\t\t\t\t<img class=\"sp-thumbnail\" loading=\"lazy\" src=\"https:\/\/oxy.ca\/wp-content\/plugins\/ultimate-responsive-image-slider\/assets\/img\/loading.gif\" data-src=\"https:\/\/oxy.ca\/wp-content\/uploads\/2024\/07\/Deep-Pore-Treatment-PT01-1-300x300.png\" alt=\"Deep Pore Treatment PT01\"\/>\r\n\t\t\t\t\t\t\t\t<\/div>\r\n\t\t\t\t\t\t<!-- slides thumbnails div end -->\r\n\t\t<\/div>\r\n<\/div><\/div><\/div><\/div><\/div><div class=\"vce-col vce-col--md-auto vce-col--xs-1 vce-col--xs-last vce-col--xs-first vce-col--sm-last vce-col--sm-first vce-col--md-last vce-col--lg-last vce-col--xl-last\" id=\"el-35008848\"><div class=\"vce-col-inner\" data-vce-do-apply=\"border margin background  el-35008848\"><div class=\"vce-col-content\" data-vce-element-content=\"true\" data-vce-do-apply=\"padding el-35008848\"><div class=\"vce-single-image-container vce-single-image--align-left\"><div class=\"vce vce-single-image-wrapper\" id=\"el-a28f6852\" data-vce-do-apply=\"all el-a28f6852\"><figure><div class=\"vce-single-image-figure-inner\" style=\"width: 60px;\"><div class=\"vce-single-image-inner vce-single-image--absolute\" style=\"width: 100%; padding-bottom: 100%;\"><img loading=\"lazy\" decoding=\"async\" class=\"vce-single-image lazyload\"  width=\"60\" height=\"60\" data-srcset=\"https:\/\/oxy.ca\/wp-content\/uploads\/2024\/08\/SOFTLIPS_ACNE-ICONS-stubborn-320x320.png 320w, https:\/\/oxy.ca\/wp-content\/uploads\/2024\/08\/SOFTLIPS_ACNE-ICONS-stubborn-480x480.png 480w, https:\/\/oxy.ca\/wp-content\/uploads\/2024\/08\/SOFTLIPS_ACNE-ICONS-stubborn-800x800.png 800w, https:\/\/oxy.ca\/wp-content\/uploads\/2024\/08\/SOFTLIPS_ACNE-ICONS-stubborn-60x60.png 60w, https:\/\/oxy.ca\/wp-content\/uploads\/2024\/08\/SOFTLIPS_ACNE-ICONS-stubborn-120x120.png 2x\" data-src=\"https:\/\/oxy.ca\/wp-content\/uploads\/2024\/08\/SOFTLIPS_ACNE-ICONS-stubborn-60x60.png\" data-img-src=\"https:\/\/oxy.ca\/wp-content\/uploads\/2024\/07\/SOFTLIPS_ACNE-ICONS-stubborn.png\" data-attachment-id=\"57\"  alt=\"\" title=\"SOFTLIPS_ACNE ICONS-stubborn\" src=\"data:image\/gif;base64,R0lGODlhAQABAAAAACH5BAEKAAEALAAAAAABAAEAAAICTAEAOw==\" style=\"--smush-placeholder-width: 60px; --smush-placeholder-aspect-ratio: 60\/60;\" \/><noscript><img loading=\"lazy\" decoding=\"async\" class=\"vce-single-image\"  width=\"60\" height=\"60\" srcset=\"https:\/\/oxy.ca\/wp-content\/uploads\/2024\/08\/SOFTLIPS_ACNE-ICONS-stubborn-320x320.png 320w, https:\/\/oxy.ca\/wp-content\/uploads\/2024\/08\/SOFTLIPS_ACNE-ICONS-stubborn-480x480.png 480w, https:\/\/oxy.ca\/wp-content\/uploads\/2024\/08\/SOFTLIPS_ACNE-ICONS-stubborn-800x800.png 800w, https:\/\/oxy.ca\/wp-content\/uploads\/2024\/08\/SOFTLIPS_ACNE-ICONS-stubborn-60x60.png 60w, https:\/\/oxy.ca\/wp-content\/uploads\/2024\/08\/SOFTLIPS_ACNE-ICONS-stubborn-120x120.png 2x\" src=\"https:\/\/oxy.ca\/wp-content\/uploads\/2024\/08\/SOFTLIPS_ACNE-ICONS-stubborn-60x60.png\" data-img-src=\"https:\/\/oxy.ca\/wp-content\/uploads\/2024\/07\/SOFTLIPS_ACNE-ICONS-stubborn.png\" data-attachment-id=\"57\"  alt=\"\" title=\"SOFTLIPS_ACNE ICONS-stubborn\" \/><\/noscript><\/div><\/div><figcaption hidden=\"\"><\/figcaption><\/figure><\/div><\/div><div class=\"vce-text-block\"><div class=\"vce-text-block-wrapper vce\" id=\"el-997f447f\" data-vce-do-apply=\"all el-997f447f\"><h1>\u00c9liminer les boutons \u00e0 l\u2019aide du traitement invisible anti-acn\u00e9 Pores en profondeur Oxy<sup>MD<\/sup><\/h1>\n<p>Le traitement invisible anti-acn\u00e9 Pores en profondeur Oxy<sup>MD<\/sup> est cliniquement \u00e9prouv\u00e9 pour tuer les bact\u00e9ries de l\u2019acn\u00e9 en 24 heures, r\u00e9duire les rougeurs et faciliter la gu\u00e9rison de la peau. Ce traitement invisible contient la technologie des microsph\u00e8res qui absorbe l\u2019huile et se m\u00e9lange facilement, tout en diffusant la lumi\u00e8re pour donner \u00e0 la peau un teint plus lisse.<\/p>\n<ul>\n<li>Contient de la SymCalmin<sup>MD<\/sup> pour apaiser la peau<\/li>\n<li>Contient des extraits de portulaca pour calmer la peau et r\u00e9duire la rougeur des boutons<\/li>\n<li>Convient \u00e0 tous les types de peau et aux imperfections accompagn\u00e9es de rougeurs excessives<\/li>\n<\/ul>\n<p>Vous souffrez d\u2019acn\u00e9 inflammatoire ou tenace? Nous avons la solution. Offrant les formules de lutte contre l\u2019acn\u00e9 les plus puissantes combin\u00e9es \u00e0 des ingr\u00e9dients cicatrisants, les produits au peroxyde de benzoyle Oxy<sup>MD<\/sup> prennent imm\u00e9diatement le contr\u00f4le et permettent de favoriser la gu\u00e9rison et de r\u00e9duire les rougeurs afin que vous puissiez rapidement retrouver une peau plus nette.<\/p><\/div><\/div><div class=\"vce-row-container\" data-vce-boxed-width=\"true\"><div class=\"vce-row vce-row--col-gap-30 vce-row-equal-height vce-row-content--top\" id=\"el-7044d337\" data-vce-do-apply=\"all el-7044d337\"><div class=\"vce-content-background-container\"><\/div><div class=\"vce-row-content\" data-vce-element-content=\"true\"><div class=\"vce-col vce-col--xs-auto vce-col--all-first\" id=\"el-176516ff\"><div class=\"vce-col-inner\" data-vce-do-apply=\"border margin background  el-176516ff\"><div class=\"vce-col-content\" data-vce-element-content=\"true\" data-vce-do-apply=\"padding el-176516ff\"><div class=\"vce-button--style-basic-container amzn vce-button--style-basic-container--align-left\"><span class=\"vce-button--style-basic-wrapper vce vce-button--style-basic-wrapper--stretched\" id=\"el-900fc935\" data-vce-do-apply=\"margin el-900fc935\"><a class=\"vce-button vce-button--style-basic vce-button--style-basic--border-round vce-button--style-basic--size-medium vce-button--style-basic--color-b-127-255-0--b-0-0-0\" href=\"https:\/\/www.amazon.ca\/Oxy-Acne-Vanishing-Treatment-grams\/dp\/B00FZN013S\" title=\"\" target=\"_blank\" data-vce-do-apply=\"padding border background  el-900fc935\" rel=\"noopener\">Acheter d\u00e8s maintenant<\/a><\/span><\/div><\/div><\/div><\/div><div class=\"vce-col vce-col--xs-auto vce-col--all-last\" id=\"el-10b484f5\"><div class=\"vce-col-inner\" data-vce-do-apply=\"border margin background  el-10b484f5\"><div class=\"vce-col-content\" data-vce-element-content=\"true\" data-vce-do-apply=\"padding el-10b484f5\"><div class=\"vce-button--style-outline-container vce-button--style-outline-container--align-center\"><span class=\"vce-button--style-outline-wrapper vce vce-button--style-outline-wrapper--stretched\" id=\"el-41ef9098\" data-vce-do-apply=\"margin el-41ef9098\"><a class=\"vce-button vce-button--style-outline-animated vce-button--style-outline--border-round vce-button--style-outline--size-medium vce-button--style-outline-animated--color-b-37-40-42--fff--3d3d3d vce-button--style-outline-animated--border-color-b-37-40-42--3d3d3d vce-button--style-outline-animated--background-color-b-37-40-42\" href=\"#vcv-popup-176\" data-vce-do-apply=\"padding border background  el-41ef9098\"><span class=\"vce-button--style-outline-text\">o\u00f9 acheter<\/span><\/a><\/span><\/div><\/div><\/div><\/div><\/div><\/div><\/div><div id=\"el-725f6373\" class=\"vce vce-faq-group-container vce-faq-group-fill-color--empty vce-faq-group-fill-hover-color--empty vce-faq-group-border-color--ba-0-0-0-0 vce-faq-group-border-hover-color--empty vce-faq-group-shape--square vce-faq-group-icon-color--b-37-40-42 vce-faq-group-icon-hover-color--empty vce-faq-group-title-color--b-37-40-42\" data-vce-do-apply=\"all el-725f6373\" data-vce-faq-group-auto-close=\"true\"><div class=\"vce-faq-group\" role=\"tablist\"><div class=\"vce-faq-group-item\"><div class=\"vce-faq-group-item-heading\" role=\"tab\" id=\"tab-725f6373-0\" aria-controls=\"panel-725f6373-0\" aria-expanded=\"false\" aria-selected=\"false\"><h3 class=\"vce-faq-group-item-heading-title\">Conseil rapide<\/h3><div class=\"vce-faq-group-item-icon\"><\/div><\/div><div class=\"vce-faq-group-item-content\" role=\"tabpanel\" id=\"panel-725f6373-0\" aria-labelledby=\"tab-725f6373-0\" aria-hidden=\"true\"><p>Traitement invisible anti-acn\u00e9 Pores en profondeur avec texture couvrante pour cacher les imperfections pendant la gu\u00e9rison.<\/p><\/div><\/div><div class=\"vce-faq-group-item\"><div class=\"vce-faq-group-item-heading\" role=\"tab\" id=\"tab-725f6373-1\" aria-controls=\"panel-725f6373-1\" aria-expanded=\"false\" aria-selected=\"false\"><h3 class=\"vce-faq-group-item-heading-title\">Ingr\u00e9dients actifs<\/h3><div class=\"vce-faq-group-item-icon\"><\/div><\/div><div class=\"vce-faq-group-item-content\" role=\"tabpanel\" id=\"panel-725f6373-1\" aria-labelledby=\"tab-725f6373-1\" aria-hidden=\"true\"><p>5 % de peroxyde de benzoyle<\/p><\/div><\/div><\/div><\/div><\/div><\/div><\/div><\/div><\/div><\/div><div class=\"vce-row-container\" data-vce-boxed-width=\"true\"><div class=\"vce-row vce-row--col-gap-30 vce-row-equal-height vce-row-content--top\" id=\"el-95cc1366\" data-vce-do-apply=\"all el-95cc1366\"><div class=\"vce-row-content\" data-vce-element-content=\"true\"><div class=\"vce-col vce-col--md-66-66p vce-col--xs-1 vce-col--xs-last vce-col--xs-first vce-col--sm-last vce-col--sm-first vce-col--md-first vce-col--lg-first vce-col--xl-first\" id=\"el-fb4041f6\"><div class=\"vce-col-inner\" data-vce-do-apply=\"border margin background  el-fb4041f6\"><div class=\"vce-col-content\" data-vce-element-content=\"true\" data-vce-do-apply=\"padding el-fb4041f6\"><div class=\"vce-text-block\"><div class=\"vce-text-block-wrapper vce\" id=\"el-81edd81c\" data-vce-do-apply=\"all el-81edd81c\"><h2>Solution pour une peau simple et nette :<\/h2><\/div><\/div><\/div><\/div><\/div><div class=\"vce-col vce-col--md-33-34p vce-col--xs-1 vce-col--xs-last vce-col--xs-first vce-col--sm-last vce-col--sm-first vce-col--md-last vce-col--lg-last vce-col--xl-last\" id=\"el-b5278cf1\"><div class=\"vce-col-inner\" data-vce-do-apply=\"border margin background  el-b5278cf1\"><div class=\"vce-col-content\" data-vce-element-content=\"true\" data-vce-do-apply=\"padding el-b5278cf1\"><div class=\"vcv-row-control-wrapper\"><\/div><\/div><\/div><\/div><\/div><\/div><\/div><div class=\"vce-row-container\" data-vce-boxed-width=\"true\"><div class=\"vce-row vce-row--has-col-background vce-row--col-gap-30 vce-row-equal-height vce-row-content--top\" id=\"el-9f33ad71\" data-vce-do-apply=\"all el-9f33ad71\"><div class=\"vce-content-background-container\"><\/div><div class=\"vce-row-content\" data-vce-element-content=\"true\"><div class=\"vce-col vce-element--has-background vce-col--md-auto vce-col--xs-1 vce-col--xs-last vce-col--xs-first vce-col--sm-last vce-col--sm-first vce-col--md-first vce-col--lg-first vce-col--xl-first rounded lght steps\" id=\"el-9b30de61\"><div class=\"vce-col-inner\" data-vce-do-apply=\"border margin background  el-9b30de61\"><div class=\"vce-content-background-container\"><\/div><div class=\"vce-col-content\" data-vce-element-content=\"true\" data-vce-do-apply=\"padding el-9b30de61\"><div class=\"vce-text-block\"><div class=\"vce-text-block-wrapper vce\" id=\"el-b73dc2f6\" data-vce-do-apply=\"all el-b73dc2f6\"><h3><strong>Vous \u00eates press\u00e9(e)?<\/strong><\/h3><\/div><\/div><div class=\"vce-text-block\"><div class=\"vce-text-block-wrapper vce\" id=\"el-6af7d5d5\" data-vce-do-apply=\"all el-6af7d5d5\"><h2 class=\"neon\">Gardez le traitement invisible anti-acn\u00e9 Pores en profondeur dans votre sac, votre casier ou votre sac \u00e0 main pour appliquer \u00e0 nouveau par petites touches tout au long de la journ\u00e9e.<\/h2>\n<p><em>Lisez et suivez toujours les indications pr\u00e9sentes sur les \u00e9tiquettes. \u00c9vitez de mettre du produit sur vos v\u00eatements et utilisez toujours une serviette de couleur claire; le peroxyde de benzoyle peut \u00e9claircir les v\u00eatements, les serviettes, etc.<\/em><\/p><\/div><\/div><\/div><\/div><\/div><div class=\"vce-col vce-element--has-background vce-col--md-auto vce-col--xs-1 vce-col--xs-last vce-col--xs-first vce-col--sm-last vce-col--sm-first vce-col--md-last vce-col--lg-last vce-col--xl-last rounded\" id=\"el-df6dfc7d\"><div class=\"vce-col-inner\" data-vce-do-apply=\"border margin background  el-df6dfc7d\"><div class=\"vce-content-background-container\"><\/div><div class=\"vce-col-content\" data-vce-element-content=\"true\" data-vce-do-apply=\"padding el-df6dfc7d\"><div class=\"vce-text-block\"><div class=\"vce-text-block-wrapper vce\" id=\"el-836d97b4\" data-vce-do-apply=\"all el-836d97b4\"><h3>Vous avez plus de temps?<\/h3><\/div><\/div><div class=\"vce-row-container\" data-vce-boxed-width=\"true\"><div class=\"vce-row vce-row--col-gap-10 vce-row-equal-height vce-row-content--top\" id=\"el-0bd3fdde\" data-vce-do-apply=\"all el-0bd3fdde\"><div class=\"vce-row-content\" data-vce-element-content=\"true\"><div class=\"vce-col vce-col--xs-40-px vce-col--all-first\" id=\"el-2370a37c\"><div class=\"vce-col-inner\" data-vce-do-apply=\"border margin background  el-2370a37c\"><div class=\"vce-col-content\" data-vce-element-content=\"true\" data-vce-do-apply=\"padding el-2370a37c\"><div class=\"vce-text-block nmbr-lst\"><div class=\"vce-text-block-wrapper vce\" id=\"el-bd079723\" data-vce-do-apply=\"all el-bd079723\"><h5>1<\/h5><\/div><\/div><\/div><\/div><\/div><div class=\"vce-col vce-col--xs-auto vce-col--all-last\" id=\"el-5a0f088d\"><div class=\"vce-col-inner\" data-vce-do-apply=\"border margin background  el-5a0f088d\"><div class=\"vce-col-content\" data-vce-element-content=\"true\" data-vce-do-apply=\"padding el-5a0f088d\"><div class=\"vce-text-block\"><div class=\"vce-text-block-wrapper vce\" id=\"el-96e2f17c\" data-vce-do-apply=\"all el-96e2f17c\"><p>Matin et soir, lavez votre visage avec le nettoyant invisible d\u2019urgence anti-acn\u00e9 pour le visage Oxy<sup>MD<\/sup>.<\/p><\/div><\/div><\/div><\/div><\/div><\/div><\/div><\/div><div class=\"vce-row-container\" data-vce-boxed-width=\"true\"><div class=\"vce-row vce-row--col-gap-10 vce-row-equal-height vce-row-content--top\" id=\"el-22e4f2aa\" data-vce-do-apply=\"all el-22e4f2aa\"><div class=\"vce-row-content\" data-vce-element-content=\"true\"><div class=\"vce-col vce-col--xs-40-px vce-col--all-first\" id=\"el-9957bbdf\"><div class=\"vce-col-inner\" data-vce-do-apply=\"border margin background  el-9957bbdf\"><div class=\"vce-col-content\" data-vce-element-content=\"true\" data-vce-do-apply=\"padding el-9957bbdf\"><div class=\"vce-text-block nmbr-lst\"><div class=\"vce-text-block-wrapper vce\" id=\"el-f3905d2e\" data-vce-do-apply=\"all el-f3905d2e\"><h5>2<\/h5><\/div><\/div><\/div><\/div><\/div><div class=\"vce-col vce-col--xs-auto vce-col--all-last\" id=\"el-3c60cf0e\"><div class=\"vce-col-inner\" data-vce-do-apply=\"border margin background  el-3c60cf0e\"><div class=\"vce-col-content\" data-vce-element-content=\"true\" data-vce-do-apply=\"padding el-3c60cf0e\"><div class=\"vce-text-block\"><div class=\"vce-text-block-wrapper vce\" id=\"el-650ce9c8\" data-vce-do-apply=\"all el-650ce9c8\"><p>Appliquez le traitement invisible anti-acn\u00e9 Pores en profondeur sur les imperfections tenaces.<\/p><\/div><\/div><\/div><\/div><\/div><\/div><\/div><\/div><div class=\"vce-row-container\" data-vce-boxed-width=\"true\"><div class=\"vce-row vce-row--col-gap-10 vce-row-equal-height vce-row-content--top\" id=\"el-3a10a063\" data-vce-do-apply=\"all el-3a10a063\"><div class=\"vce-row-content\" data-vce-element-content=\"true\"><div class=\"vce-col vce-col--xs-40-px vce-col--all-first\" id=\"el-81394d4a\"><div class=\"vce-col-inner\" data-vce-do-apply=\"border margin background  el-81394d4a\"><div class=\"vce-col-content\" data-vce-element-content=\"true\" data-vce-do-apply=\"padding el-81394d4a\"><div class=\"vce-text-block nmbr-lst\"><div class=\"vce-text-block-wrapper vce\" id=\"el-209359e4\" data-vce-do-apply=\"all el-209359e4\"><h5>3<\/h5><\/div><\/div><\/div><\/div><\/div><div class=\"vce-col vce-col--xs-auto vce-col--all-last\" id=\"el-451bb0be\"><div class=\"vce-col-inner\" data-vce-do-apply=\"border margin background  el-451bb0be\"><div class=\"vce-col-content\" data-vce-element-content=\"true\" data-vce-do-apply=\"padding el-451bb0be\"><div class=\"vce-text-block\"><div class=\"vce-text-block-wrapper vce\" id=\"el-5417c660\" data-vce-do-apply=\"all el-5417c660\"><p>R\u00e9appliquez de petites touches sur les zones affect\u00e9es si l\u2019\u00e9ruption persiste. <\/p><\/div><\/div><\/div><\/div><\/div><\/div><\/div><\/div><\/div><\/div><\/div><\/div><\/div><\/div><\/div><\/div><\/div>","protected":false},"featured_media":43,"template":"","meta":{"_acf_changed":false},"categories":[7],"ingredient":[6],"class_list":["post-83","product","type-product","status-publish","has-post-thumbnail","hentry","category-stubborn-acne","ingredient-salicylic-acid"],"acf":[],"_links":{"self":[{"href":"https:\/\/oxy.ca\/fr\/wp-json\/wp\/v2\/product\/83","targetHints":{"allow":["GET"]}}],"collection":[{"href":"https:\/\/oxy.ca\/fr\/wp-json\/wp\/v2\/product"}],"about":[{"href":"https:\/\/oxy.ca\/fr\/wp-json\/wp\/v2\/types\/product"}],"wp:featuredmedia":[{"embeddable":true,"href":"https:\/\/oxy.ca\/fr\/wp-json\/wp\/v2\/media\/43"}],"wp:attachment":[{"href":"https:\/\/oxy.ca\/fr\/wp-json\/wp\/v2\/media?parent=83"}],"wp:term":[{"taxonomy":"category","embeddable":true,"href":"https:\/\/oxy.ca\/fr\/wp-json\/wp\/v2\/categories?post=83"},{"taxonomy":"ingredient","embeddable":true,"href":"https:\/\/oxy.ca\/fr\/wp-json\/wp\/v2\/ingredient?post=83"}],"curies":[{"name":"wp","href":"https:\/\/api.w.org\/{rel}","templated":true}]}}